{"id":590,"date":"2019-09-30T20:00:15","date_gmt":"2019-09-30T20:00:15","guid":{"rendered":"http:\/\/dmn138.web01.netplanet.at\/web\/?page_id=590"},"modified":"2019-12-05T20:48:30","modified_gmt":"2019-12-05T20:48:30","slug":"erdbewegung","status":"publish","type":"page","link":"https:\/\/www.hubermuldenservice.at\/cms\/erdbewegung\/","title":{"rendered":"Erdbewegung"},"content":{"rendered":"<h1>\n<p>Erdbewegung<\/p>\n<p><\/br> <\/h1>\n<p><img decoding=\"async\" src=\"wp-content\/uploads\/Erdbewegung2.jpg\" alt=\"\"><br \/>\n<img decoding=\"async\" src=\"wp-content\/uploads\/Erdbewegung1.jpg\" alt=\"\"><\/p>\n<h2>Wir bieten Ihnen<\/h2>\n<div>\n<ul>\n<li>Erdbewegung<\/li>\n<li>Baggerarbeiten<\/li>\n<li>Aushubt\u00e4tigkeiten<\/li>\n<li>Abbrucharbeiten<\/li>\n<\/ul>\n<p>Gepaart mit unserer vorhandenen Transportlogistik sind wir in der Lage, flexible Abbrucharbeiten kompetent durchzuf\u00fchren. Sollten Sie Unterst\u00fctzung bei Ihrem Bauprojekt ben\u00f6tigen oder N\u00e4heres \u00fcber unseren Leistungen erfahren wollen, <a href=\"https:\/\/www.hubermuldenservice.at\/cms\/kontakt\/\">kontaktieren<\/a> Sie uns gerne jederzeit!<\/p>\n<\/div>\n<hr>\n<p><!-- {\"name\":\"\",\"type\":\"layout\",\"children\":[{\"name\":\"Hero\",\"type\":\"section\",\"props\":{\"style\":\"default\",\"width\":\"expand\",\"vertical_align\":\"bottom\",\"title_position\":\"top-right\",\"title_rotation\":\"left\",\"title_breakpoint\":\"l\",\"image_position\":\"center-center\",\"text_color\":\"light\",\"width_expand\":\"\",\"height\":\"\",\"padding\":\"large\",\"header_transparent\":\"\",\"animation\":\"\",\"image\":\"wp-content\\\/uploads\\\/erdbewegung-hero-bg.jpg\",\"image_size\":\"cover\",\"image_effect\":\"parallax\",\"image_visibility\":\"\",\"media_blend_mode\":\"\",\"image_width\":\"2560\",\"padding_remove_top\":false,\"css\":\"\",\"animation_delay\":false,\"image_parallax_breakpoint\":\"m\",\"image_parallax_bgy_start\":\"-80\",\"image_parallax_bgy_end\":\"0\",\"title\":\"Erdbewegung\",\"video_width\":\"\",\"video_height\":\"\"},\"children\":[{\"name\":\"\",\"type\":\"row\",\"props\":{\"layout\":\"1-1\",\"breakpoint\":\"m\",\"fixed_width\":\"large\",\"width\":\"\",\"width_expand\":\"\",\"height\":\"\",\"margin\":\"\",\"column_gap\":\"\",\"row_gap\":\"\"},\"children\":[{\"name\":\"\",\"type\":\"column\",\"props\":{\"image_position\":\"center-center\",\"vertical_align\":\"\",\"style\":\"\",\"text_color\":\"\",\"padding\":\"\",\"media_overlay_gradient\":\"\"},\"children\":[{\"name\":\"\",\"type\":\"headline\",\"props\":{\"title_element\":\"h1\",\"title_style\":\"heading-medium\",\"title_decoration\":\"\",\"title_color\":\"\",\"text_align\":\"left\",\"text_align_breakpoint\":\"s\",\"text_align_fallback\":\"center\",\"maxwidth\":\"xxlarge\",\"maxwidth_breakpoint\":\"\",\"margin\":\"\",\"animation\":\"none\",\"visibility\":\"\",\"content\":\"\n\n<p>Erdbewegung<\\\/p><\\\/br> \",\"css\":\"\",\"block_align\":\"\"}}]}]}]},{\"name\":\"Leistungen\",\"type\":\"section\",\"props\":{\"style\":\"default\",\"width\":\"large\",\"vertical_align\":\"\",\"title_position\":\"center-left\",\"title_rotation\":\"left\",\"title_breakpoint\":\"m\",\"image_position\":\"center-center\",\"text_color\":\"\",\"width_expand\":\"right\",\"height\":\"\",\"padding\":\"\",\"header_transparent\":\"\",\"animation\":\"\",\"title\":\"\",\"animation_delay\":false,\"image_effect\":\"\"},\"children\":[{\"name\":\"\",\"type\":\"row\",\"props\":{\"layout\":\",\",\"breakpoint\":\"m\",\"fixed_width\":\"large\",\"width\":\"\",\"width_expand\":\"\",\"height\":\"\",\"margin\":\"\",\"order_last\":true,\"column_gap\":\"large\",\"row_gap\":\"large\"},\"children\":[{\"name\":\"\",\"type\":\"column\",\"props\":{\"image_position\":\"center-center\",\"vertical_align\":\"\",\"style\":\"\",\"text_color\":\"\",\"padding\":\"\",\"media_overlay_gradient\":\"\"},\"children\":[{\"name\":\"\",\"type\":\"image\",\"props\":{\"margin\":\"\",\"link_target\":\"\",\"image_border\":\"\",\"image_box_shadow\":\"\",\"image_hover_box_shadow\":\"\",\"image_box_decoration\":\"\",\"text_align\":\"right\",\"text_align_breakpoint\":\"\",\"text_align_fallback\":\"\",\"maxwidth\":\"\",\"maxwidth_breakpoint\":\"\",\"animation\":\"parallax\",\"visibility\":\"\",\"container_padding_remove\":true,\"image\":\"wp-content\\\/uploads\\\/Erdbewegung2.jpg\",\"parallax_breakpoint\":\"m\",\"parallax_x_end\":\"\",\"parallax_x_start\":\"\",\"parallax_viewport\":\"\",\"parallax_easing\":\"1.2\",\"parallax_scale_end\":\"\",\"parallax_scale_start\":\"\",\"parallax_y_start\":\"50\",\"parallax_y_end\":\"-100\",\"image_width\":\"930\",\"image_svg_color\":\"emphasis\",\"block_align\":\"\"}},{\"name\":\"\",\"type\":\"image\",\"props\":{\"margin\":\"\",\"link_target\":\"\",\"image_border\":\"\",\"image_box_shadow\":\"\",\"image_hover_box_shadow\":\"\",\"image_box_decoration\":\"\",\"text_align\":\"right\",\"text_align_breakpoint\":\"\",\"text_align_fallback\":\"\",\"maxwidth\":\"\",\"maxwidth_breakpoint\":\"\",\"animation\":\"parallax\",\"visibility\":\"\",\"container_padding_remove\":true,\"image\":\"wp-content\\\/uploads\\\/Erdbewegung1.jpg\",\"parallax_breakpoint\":\"m\",\"parallax_x_end\":\"\",\"parallax_x_start\":\"\",\"parallax_viewport\":\"\",\"parallax_easing\":\"1.2\",\"parallax_scale_end\":\"\",\"parallax_scale_start\":\"\",\"parallax_y_start\":\"50\",\"parallax_y_end\":\"-100\",\"image_width\":\"930\",\"image_svg_color\":\"emphasis\",\"block_align\":\"\"}}]},{\"name\":\"\",\"type\":\"column\",\"props\":{\"image_position\":\"center-center\",\"vertical_align\":\"middle\",\"style\":\"\",\"text_color\":\"\",\"padding\":\"\",\"media_overlay_gradient\":\"\"},\"children\":[{\"name\":\"\",\"type\":\"divider\",\"props\":{\"divider_element\":\"div\",\"divider_style\":\"small\",\"divider_align\":\"left\",\"divider_align_breakpoint\":\"s\",\"divider_align_fallback\":\"center\",\"maxwidth\":\"\",\"maxwidth_breakpoint\":\"\",\"margin\":\"\",\"animation\":\"none\",\"visibility\":\"\",\"block_align\":\"\"}},{\"name\":\"\",\"type\":\"headline\",\"props\":{\"title_element\":\"h2\",\"title_style\":\"heading-small\",\"title_decoration\":\"\",\"title_color\":\"\",\"text_align\":\"left\",\"text_align_breakpoint\":\"s\",\"text_align_fallback\":\"center\",\"maxwidth\":\"\",\"maxwidth_breakpoint\":\"\",\"margin\":\"\",\"animation\":\"parallax\",\"visibility\":\"\",\"content\":\"Wir bieten Ihnen\",\"parallax_breakpoint\":\"m\",\"parallax_x_end\":\"\",\"parallax_x_start\":\"\",\"parallax_easing\":\"\",\"parallax_viewport\":\"0.4\",\"margin_remove_top\":true,\"parallax_opacity_start\":\"0.4\",\"parallax_opacity_end\":\"1\",\"block_align\":\"\"}},{\"name\":\"\",\"type\":\"text\",\"props\":{\"margin\":\"medium\",\"column_breakpoint\":\"m\",\"text_style\":\"\",\"text_color\":\"\",\"text_size\":\"\",\"column\":\"\",\"text_align\":\"left\",\"text_align_breakpoint\":\"s\",\"text_align_fallback\":\"center\",\"maxwidth\":\"\",\"maxwidth_breakpoint\":\"\",\"animation\":\"none\",\"visibility\":\"\",\"content\":\"\n\n<ul>\\n\n\n<li>Erdbewegung<\\\/li>\\n\n\n<li>Baggerarbeiten<\\\/li>\\n\n\n<li>Aushubt\\u00e4tigkeiten<\\\/li>\\n\n\n<li>Abbrucharbeiten<\\\/li>\\n<\\\/ul>\\n\n\n<p>Gepaart mit unserer vorhandenen Transportlogistik sind wir in der Lage, flexible Abbrucharbeiten kompetent durchzuf\\u00fchren. Sollten Sie Unterst\\u00fctzung bei Ihrem Bauprojekt ben\\u00f6tigen oder N\\u00e4heres \\u00fcber unseren Leistungen erfahren wollen, <a href=\\\"http:\\\/\\\/hubermuldenservice.at\\\/kontakt\\\/\\\">kontaktieren<\\\/a> Sie uns gerne jederzeit!<\\\/p>\",\"parallax_breakpoint\":\"l\",\"parallax_x_end\":\"1\",\"parallax_x_start\":\"350\",\"parallax_easing\":\"0.3\",\"parallax_viewport\":\"0.5\",\"block_align\":\"\",\"position\":\"\",\"position_z_index\":\"\",\"block_align_breakpoint\":\"\",\"block_align_fallback\":\"\"}}]}]}]},{\"name\":\"Divider\",\"type\":\"section\",\"props\":{\"style\":\"default\",\"width\":\"large\",\"vertical_align\":\"\",\"title_position\":\"top-left\",\"title_rotation\":\"left\",\"title_breakpoint\":\"xl\",\"image_position\":\"center-center\",\"text_color\":\"\",\"width_expand\":\"\",\"height\":\"\",\"padding\":\"none\",\"header_transparent\":\"\",\"animation\":\"\",\"image_effect\":\"\"},\"children\":[{\"name\":\"\",\"type\":\"row\",\"props\":{\"layout\":\"1-1\",\"breakpoint\":\"m\",\"fixed_width\":\"large\",\"width\":\"\",\"width_expand\":\"\",\"height\":\"\",\"margin\":\"\",\"column_gap\":\"\",\"row_gap\":\"\"},\"children\":[{\"name\":\"\",\"type\":\"column\",\"props\":{\"image_position\":\"center-center\",\"vertical_align\":\"\",\"style\":\"\",\"text_color\":\"\",\"padding\":\"\",\"media_overlay_gradient\":\"\"},\"children\":[{\"name\":\"\",\"type\":\"divider\",\"props\":{\"divider_element\":\"hr\",\"divider_style\":\"\",\"divider_align\":\"\",\"divider_align_breakpoint\":\"\",\"divider_align_fallback\":\"\",\"maxwidth\":\"\",\"maxwidth_breakpoint\":\"\",\"margin\":\"\",\"animation\":\"\",\"visibility\":\"\",\"block_align\":\"\"}}]}]}]}],\"props\":[],\"version\":\"1.22.6\"} --><\/p>\n","protected":false},"excerpt":{"rendered":"<p>Erdbewegung Wir bieten Ihnen Erdbewegung Baggerarbeiten Aushubt\u00e4tigkeiten Abbrucharbeiten Gepaart mit unserer vorhandenen Transportlogistik sind wir in der Lage, flexible Abbrucharbeiten kompetent durchzuf\u00fchren. Sollten Sie Unterst\u00fctzung bei Ihrem Bauprojekt ben\u00f6tigen oder N\u00e4heres \u00fcber unseren Leistungen erfahren wollen, kontaktieren Sie uns gerne jederzeit!<\/p>\n","protected":false},"author":2,"featured_media":0,"parent":0,"menu_order":8,"comment_status":"closed","ping_status":"closed","template":"","meta":{"footnotes":""},"class_list":["post-590","page","type-page","status-publish","hentry"],"_links":{"self":[{"href":"https:\/\/www.hubermuldenservice.at\/cms\/wp-json\/wp\/v2\/pages\/590"}],"collection":[{"href":"https:\/\/www.hubermuldenservice.at\/cms\/wp-json\/wp\/v2\/pages"}],"about":[{"href":"https:\/\/www.hubermuldenservice.at\/cms\/wp-json\/wp\/v2\/types\/page"}],"author":[{"embeddable":true,"href":"https:\/\/www.hubermuldenservice.at\/cms\/wp-json\/wp\/v2\/users\/2"}],"replies":[{"embeddable":true,"href":"https:\/\/www.hubermuldenservice.at\/cms\/wp-json\/wp\/v2\/comments?post=590"}],"version-history":[{"count":14,"href":"https:\/\/www.hubermuldenservice.at\/cms\/wp-json\/wp\/v2\/pages\/590\/revisions"}],"predecessor-version":[{"id":701,"href":"https:\/\/www.hubermuldenservice.at\/cms\/wp-json\/wp\/v2\/pages\/590\/revisions\/701"}],"wp:attachment":[{"href":"https:\/\/www.hubermuldenservice.at\/cms\/wp-json\/wp\/v2\/media?parent=590"}],"curies":[{"name":"wp","href":"https:\/\/api.w.org\/{rel}","templated":true}]}}