{"id":156,"date":"2019-05-25T14:35:32","date_gmt":"2019-05-25T14:35:32","guid":{"rendered":"http:\/\/vu2161.web01.netplanet.at\/web\/?page_id=156"},"modified":"2019-10-28T10:20:33","modified_gmt":"2019-10-28T10:20:33","slug":"kontakt","status":"publish","type":"page","link":"https:\/\/www.hubermuldenservice.at\/cms\/kontakt\/","title":{"rendered":"Kontakt"},"content":{"rendered":"<h1>Kontakt<\/h1>\n<div>\n<p>Sie suchen kompetente Beratung mit rascher Auftragsausf\u00fchrung<br \/>rund ums Thema Abfallentsorgung?<\/p>\n<p>HMS Huber Muldenservice ist Ihr kompetenter und verl\u00e4sslicher Partner f\u00fcr Abfallentsorgung und Abfalllogistik in Wien, Wien-Umgebung, Nieder\u00f6sterreich und Burgenland!<\/p>\n<p>Rufen Sie uns an oder schreiben Sie uns &#8211; wir beraten Sie gerne!<\/p>\n<p>\u00a0<\/p>\n<h3>KONTAKTFORMULAR<\/h3>\n\n<div class=\"wpcf7 no-js\" id=\"wpcf7-f307-o1\" lang=\"en-US\" dir=\"ltr\">\n<div class=\"screen-reader-response\"><p role=\"status\" aria-live=\"polite\" aria-atomic=\"true\"><\/p> <ul><\/ul><\/div>\n<form action=\"\/cms\/wp-json\/wp\/v2\/pages\/156#wpcf7-f307-o1\" method=\"post\" class=\"wpcf7-form init\" aria-label=\"Contact form\" novalidate=\"novalidate\" data-status=\"init\">\n<div style=\"display: none;\">\n<input type=\"hidden\" name=\"_wpcf7\" value=\"307\" \/>\n<input type=\"hidden\" name=\"_wpcf7_version\" value=\"5.9.8\" \/>\n<input type=\"hidden\" name=\"_wpcf7_locale\" value=\"en_US\" \/>\n<input type=\"hidden\" name=\"_wpcf7_unit_tag\" value=\"wpcf7-f307-o1\" \/>\n<input type=\"hidden\" name=\"_wpcf7_container_post\" value=\"0\" \/>\n<input type=\"hidden\" name=\"_wpcf7_posted_data_hash\" value=\"\" \/>\n<input type=\"hidden\" name=\"_wpcf7_recaptcha_response\" value=\"\" \/>\n<\/div>\n<p><label> Anrede (*)<br \/>\n<span class=\"wpcf7-form-control-wrap\" data-name=\"Anrede\"><select class=\"wpcf7-form-control wpcf7-select wpcf7-validates-as-required\" aria-required=\"true\" aria-invalid=\"false\" name=\"Anrede\"><option value=\"\">&#8212;Please choose an option&#8212;<\/option><option value=\"Herr\">Herr<\/option><option value=\"Frau\">Frau<\/option><\/select><\/span> <\/label>\n<\/p>\n<p><label> Name (*)<br \/>\n<span class=\"wpcf7-form-control-wrap\" data-name=\"your-name\"><input size=\"40\" maxlength=\"400\" class=\"wpcf7-form-control wpcf7-text wpcf7-validates-as-required\" aria-required=\"true\" aria-invalid=\"false\" value=\"\" type=\"text\" name=\"your-name\" \/><\/span> <\/label>\n<\/p>\n<p><label> Email-Adresse (*)<br \/>\n<span class=\"wpcf7-form-control-wrap\" data-name=\"your-email\"><input size=\"40\" maxlength=\"400\" class=\"wpcf7-form-control wpcf7-email wpcf7-validates-as-required wpcf7-text wpcf7-validates-as-email\" aria-required=\"true\" aria-invalid=\"false\" value=\"\" type=\"email\" name=\"your-email\" \/><\/span> <\/label>\n<\/p>\n<p><label> Telefonnummer<br \/>\n<span class=\"wpcf7-form-control-wrap\" data-name=\"tel-281\"><input size=\"40\" maxlength=\"400\" class=\"wpcf7-form-control wpcf7-tel wpcf7-text wpcf7-validates-as-tel\" aria-invalid=\"false\" value=\"\" type=\"tel\" name=\"tel-281\" \/><\/span> <\/label>\n<\/p>\n<p><label> Nachricht:<br \/>\n<span class=\"wpcf7-form-control-wrap\" data-name=\"textarea-357\"><textarea cols=\"40\" rows=\"10\" maxlength=\"2000\" class=\"wpcf7-form-control wpcf7-textarea\" aria-invalid=\"false\" name=\"textarea-357\"><\/textarea><\/span><\/label>\n<\/p>\n<p><label>Alle mit * markierten Felder sind Pflichtfelder.<\/label><br \/>\n<span class=\"wpcf7-form-control-wrap recaptcha\" data-name=\"recaptcha\"><span data-sitekey=\"6LdBwsoUAAAAABx2v4asb4x4Hjl-WX56Zg0VJCwv\" class=\"wpcf7-form-control wpcf7-recaptcha g-recaptcha\"><\/span>\r\n<noscript>\r\n\t<div class=\"grecaptcha-noscript\">\r\n\t\t<iframe loading=\"lazy\" src=\"https:\/\/www.google.com\/recaptcha\/api\/fallback?k=6LdBwsoUAAAAABx2v4asb4x4Hjl-WX56Zg0VJCwv\" frameborder=\"0\" scrolling=\"no\" width=\"310\" height=\"430\">\r\n\t\t<\/iframe>\r\n\t\t<textarea name=\"g-recaptcha-response\" rows=\"3\" cols=\"40\" placeholder=\"reCaptcha Response Here\">\r\n\t\t<\/textarea>\r\n\t<\/div>\r\n<\/noscript>\r\n<\/span>\n<\/p>\n<p><input class=\"wpcf7-form-control wpcf7-submit has-spinner\" type=\"submit\" value=\"Absenden\" \/>\n<\/p><div class=\"wpcf7-response-output\" aria-hidden=\"true\"><\/div>\n<\/form>\n<\/div>\n\n<\/div>\n<div>\n<h3>HMS Huber Muldenservice<\/h3>\n<div>\n<p><a href=\"http:\/\/dmn138.web01.netplanet.at\/web\/anfahrt\/\">Trattnerring 13, A-2435 Wienerherberg<\/a>\u00a0<br \/><a href=\"tel: +43223035390\">02230 \/ 35 39 &#8211; 0<\/a><br \/><a href=\"mailto:office@hubermuldenservice.at\">office@hubermuldenservice.at<\/a><\/p>\n<\/div>\n<\/div>\n<p><!-- {\"name\":\"\",\"type\":\"layout\",\"children\":[{\"name\":\"Hero\",\"type\":\"section\",\"props\":{\"style\":\"default\",\"width\":\"expand\",\"vertical_align\":\"\",\"title_position\":\"top-right\",\"title_rotation\":\"left\",\"title_breakpoint\":\"m\",\"image_position\":\"center-center\",\"text_color\":\"light\",\"width_expand\":\"\",\"height\":\"\",\"padding\":\"large\",\"header_transparent\":\"\",\"animation\":\"fade\",\"image_effect\":\"\",\"image\":\"wp-content\\\/uploads\\\/HMS-Huber-Muldenservice-Header.jpg\",\"title\":\"HMS\"},\"children\":[{\"name\":\"\",\"type\":\"row\",\"props\":{\"layout\":\"1-1\",\"breakpoint\":\"m\",\"fixed_width\":\"large\",\"gutter\":\"\",\"width\":\"\",\"width_expand\":\"\",\"height\":\"\",\"margin\":\"\"},\"children\":[{\"name\":\"\",\"type\":\"column\",\"props\":{\"widths\":[\"1-1\"],\"image_position\":\"center-center\",\"vertical_align\":\"\",\"style\":\"\",\"text_color\":\"\",\"padding\":\"\",\"media_overlay_gradient\":\"\"},\"children\":[{\"name\":\"\",\"type\":\"headline\",\"props\":{\"title_element\":\"h1\",\"title_style\":\"heading-primary\",\"title_decoration\":\"\",\"title_color\":\"\",\"text_align\":\"\",\"text_align_breakpoint\":\"\",\"text_align_fallback\":\"\",\"maxwidth\":\"xxlarge\",\"maxwidth_align\":\"\",\"maxwidth_breakpoint\":\"\",\"margin\":\"\",\"animation\":\"parallax\",\"visibility\":\"\",\"content\":\"Kontakt\",\"parallax_breakpoint\":\"m\",\"parallax_y_start\":\"0\",\"parallax_y_end\":\"-50\"}}]}]}]},{\"type\":\"section\",\"props\":{\"style\":\"default\",\"width\":\"default\",\"vertical_align\":\"middle\",\"title_position\":\"top-left\",\"title_rotation\":\"left\",\"title_breakpoint\":\"xl\",\"image_position\":\"center-center\",\"text_color\":\"\",\"width_expand\":\"\",\"height\":\"\",\"padding\":\"\",\"header_transparent\":\"\",\"animation\":\"\"},\"children\":[{\"type\":\"row\",\"props\":{\"layout\":\"2-3,\",\"breakpoint\":\"m\",\"fixed_width\":\"large\",\"gutter\":\"\",\"width\":\"\",\"width_expand\":\"\",\"height\":\"\",\"margin\":\"\"},\"children\":[{\"type\":\"column\",\"props\":{\"widths\":[\"2-3\"],\"image_position\":\"center-center\",\"media_overlay_gradient\":\"\",\"vertical_align\":\"\",\"style\":\"\",\"text_color\":\"\",\"padding\":\"\"},\"children\":[{\"type\":\"text\",\"props\":{\"margin\":\"default\",\"column_breakpoint\":\"m\",\"text_style\":\"\",\"text_color\":\"\",\"text_size\":\"\",\"column\":\"\",\"text_align\":\"\",\"text_align_breakpoint\":\"\",\"text_align_fallback\":\"\",\"maxwidth\":\"\",\"maxwidth_align\":\"\",\"maxwidth_breakpoint\":\"\",\"animation\":\"\",\"visibility\":\"\",\"content\":\"\n\n<p>Sie suchen kompetente Beratung mit rascher Auftragsausf\\u00fchrung<br \\\/>rund ums Thema Abfallentsorgung?<\\\/p>\\n\n\n<p>HMS Huber Muldenservice ist Ihr kompetenter und verl\\u00e4sslicher Partner f\\u00fcr Abfallentsorgung und Abfalllogistik in Wien, Wien-Umgebung, Nieder\\u00f6sterreich und Burgenland!<\\\/p>\\n\n\n<p>Rufen Sie uns an oder schreiben Sie uns - wir beraten Sie gerne!<\\\/p>\\n\n\n<p>\\u00a0<\\\/p>\\n\n\n<h3>KONTAKTFORMULAR<\\\/h3>\\n\n\n<p>[contact-form-7 id=\\\"307\\\" title=\\\"Kontakt_HMS\\\"]<\\\/p>\"}}]},{\"type\":\"column\",\"props\":{\"widths\":[\"\"],\"image_position\":\"center-center\",\"media_overlay_gradient\":\"\",\"vertical_align\":\"\",\"style\":\"\",\"text_color\":\"\",\"padding\":\"\"},\"children\":[{\"type\":\"panel\",\"props\":{\"link_text\":\"Read more\",\"title_element\":\"h3\",\"title_align\":\"top\",\"title_grid_width\":\"1-2\",\"title_breakpoint\":\"m\",\"meta_style\":\"meta\",\"meta_align\":\"below-title\",\"icon_ratio\":4,\"image_align\":\"top\",\"image_grid_width\":\"1-2\",\"image_breakpoint\":\"m\",\"image_svg_color\":\"emphasis\",\"link_style\":\"default\",\"margin\":\"default\",\"panel_style\":\"card-default\",\"panel_content_padding\":\"\",\"panel_size\":\"\",\"title_style\":\"\",\"title_decoration\":\"\",\"title_color\":\"\",\"title_gutter\":\"\",\"title_margin\":\"\",\"meta_color\":\"\",\"meta_margin\":\"\",\"content_style\":\"\",\"content_margin\":\"\",\"image_border\":\"\",\"image_box_shadow\":\"\",\"image_hover_box_shadow\":\"\",\"image_box_decoration\":\"\",\"icon_color\":\"\",\"image_gutter\":\"\",\"image_margin\":\"\",\"link_type\":\"\",\"link_size\":\"\",\"link_margin\":\"\",\"text_align\":\"\",\"text_align_breakpoint\":\"\",\"text_align_fallback\":\"\",\"maxwidth\":\"\",\"maxwidth_align\":\"\",\"maxwidth_breakpoint\":\"\",\"animation\":\"\",\"visibility\":\"\",\"title\":\"HMS Huber Muldenservice\",\"content\":\"\n\n<p><a href=\\\"http:\\\/\\\/dmn138.web01.netplanet.at\\\/web\\\/anfahrt\\\/\\\">Trattnerring 13, A-2435 Wienerherberg<\\\/a>\\u00a0<br \\\/><a href=\\\"tel: +43223035390\\\">02230 \\\/ 35 39 - 0<\\\/a><br \\\/><a href=\\\"mailto:office@hubermuldenservice.at\\\">office@hubermuldenservice.at<\\\/a><\\\/p>\"}}]}]},{\"type\":\"row\",\"props\":{\"layout\":\"2-3,\",\"breakpoint\":\"m\",\"fixed_width\":\"large\",\"gutter\":\"\",\"width\":\"\",\"width_expand\":\"\",\"height\":\"\",\"margin\":\"\"},\"children\":[{\"type\":\"column\",\"props\":{\"widths\":[\"2-3\"],\"image_position\":\"center-center\",\"media_overlay_gradient\":\"\",\"vertical_align\":\"\",\"style\":\"\",\"text_color\":\"\",\"padding\":\"\"},\"children\":[]},{\"type\":\"column\",\"props\":{\"widths\":[\"\"],\"image_position\":\"center-center\",\"media_overlay_gradient\":\"\",\"vertical_align\":\"\",\"style\":\"\",\"text_color\":\"\",\"padding\":\"\"},\"children\":[]}]}]}],\"props\":[],\"version\":\"1.19.2\"} --><\/p>\n","protected":false},"excerpt":{"rendered":"<p>Kontakt Sie suchen kompetente Beratung mit rascher Auftragsausf\u00fchrungrund ums Thema Abfallentsorgung? HMS Huber Muldenservice ist Ihr kompetenter und verl\u00e4sslicher Partner f\u00fcr Abfallentsorgung und Abfalllogistik in Wien, Wien-Umgebung, Nieder\u00f6sterreich und Burgenland! Rufen Sie uns an oder schreiben Sie uns &#8211; wir beraten Sie gerne! \u00a0 KONTAKTFORMULAR HMS Huber Muldenservice Trattnerring 13, A-2435 Wienerherberg\u00a002230 \/ 35 39 [&hellip;]<\/p>\n","protected":false},"author":2,"featured_media":0,"parent":0,"menu_order":4,"comment_status":"closed","ping_status":"closed","template":"","meta":{"footnotes":""},"class_list":["post-156","page","type-page","status-publish","hentry"],"_links":{"self":[{"href":"https:\/\/www.hubermuldenservice.at\/cms\/wp-json\/wp\/v2\/pages\/156"}],"collection":[{"href":"https:\/\/www.hubermuldenservice.at\/cms\/wp-json\/wp\/v2\/pages"}],"about":[{"href":"https:\/\/www.hubermuldenservice.at\/cms\/wp-json\/wp\/v2\/types\/page"}],"author":[{"embeddable":true,"href":"https:\/\/www.hubermuldenservice.at\/cms\/wp-json\/wp\/v2\/users\/2"}],"replies":[{"embeddable":true,"href":"https:\/\/www.hubermuldenservice.at\/cms\/wp-json\/wp\/v2\/comments?post=156"}],"version-history":[{"count":22,"href":"https:\/\/www.hubermuldenservice.at\/cms\/wp-json\/wp\/v2\/pages\/156\/revisions"}],"predecessor-version":[{"id":666,"href":"https:\/\/www.hubermuldenservice.at\/cms\/wp-json\/wp\/v2\/pages\/156\/revisions\/666"}],"wp:attachment":[{"href":"https:\/\/www.hubermuldenservice.at\/cms\/wp-json\/wp\/v2\/media?parent=156"}],"curies":[{"name":"wp","href":"https:\/\/api.w.org\/{rel}","templated":true}]}}