{"id":143,"date":"2019-05-25T14:29:09","date_gmt":"2019-05-25T14:29:09","guid":{"rendered":"http:\/\/vu2161.web01.netplanet.at\/web\/?page_id=143"},"modified":"2023-10-26T22:39:54","modified_gmt":"2023-10-26T22:39:54","slug":"transporte","status":"publish","type":"page","link":"https:\/\/www.hubermuldenservice.at\/cms\/transporte\/","title":{"rendered":"Transporte"},"content":{"rendered":"<h1>\n<p>Transporte &amp;<br \/>Sonderfahrzeuge<\/p>\n<\/h1>\n<h2>Transport<\/h2>\n<div>\n<p class=\"align-center\">Gerne unterst\u00fctzen wir Sie auch in klassischen Transport-Themen: als Teilbereich unserer Kernkompetenz <a href=\"http:\/\/hubermuldenservice.at\/entsorgung\/\">Entsorgung<\/a> verstehen wir den Abtransport unterschiedlicher Art als zus\u00e4tzliches Service f\u00fcr unsere Kunden.<\/p>\n<\/div>\n<p><img decoding=\"async\" src=\"\/cms\/wp-content\/uploads\/HMS-HuberMuldenService-Sonderfahrzeug-Sattelschlepper.jpg\" alt=\"\"><\/p>\n<hr>\n<h2>Sonderfahrzeuge<\/h2>\n<div>\n<p class=\"align-left\">Nat\u00fcrlich sind wir auch f\u00fcr jegliche Spezialaufgaben bestens ger\u00fcstet. Wir k\u00f6nnen unterschiedliche Sonderfahrzeuge anbieten, wie beispielsweise<\/p>\n<ul>\n<li>4-Achs-Schwer-LKW<\/li>\n<li>Ladekran-Anlage mit Greifer<\/li>\n<li>Abrollkipper-Anlage zur Containerbereitstellung<\/li>\n<\/ul>\n<p>Kontaktieren Sie uns einfach mit Ihrem konkreten Anliegen, dann k\u00f6nnen wir im pers\u00f6nlichen Gespr\u00e4ch ermitteln, wie wir Sie in Ihrem Vorhaben unterst\u00fctzen k\u00f6nnen!<\/p>\n<\/div>\n<p><img decoding=\"async\" src=\"\/cms\/wp-content\/uploads\/HMS-HuberMuldenService-Sonderfahrzeug-Kehrmaschinenauto.jpg\" alt=\"\"><\/p>\n<p><!--more--><br \/>\n<!-- {\"name\":\"\",\"type\":\"layout\",\"children\":[{\"name\":\"Hero\",\"type\":\"section\",\"props\":{\"style\":\"default\",\"width\":\"expand\",\"vertical_align\":\"bottom\",\"title_position\":\"top-right\",\"title_rotation\":\"left\",\"title_breakpoint\":\"l\",\"image_position\":\"center-center\",\"text_color\":\"light\",\"padding\":\"large\",\"image\":\"wp-content\\\/uploads\\\/absetzkipper3.jpg\",\"image_size\":\"cover\",\"image_effect\":\"parallax\",\"image_width\":\"2560\",\"padding_remove_top\":false,\"animation_delay\":false,\"image_parallax_breakpoint\":\"m\",\"title\":\"Transporte\",\"image_parallax_bgy\":\"-80,0\",\"image_parallax_easing\":\"1\"},\"children\":[{\"name\":\"\",\"type\":\"row\",\"children\":[{\"name\":\"\",\"type\":\"column\",\"props\":{\"image_position\":\"center-center\",\"media_overlay_gradient\":\"\",\"width_medium\":\"1-1\",\"position_sticky_breakpoint\":\"m\"},\"children\":[{\"name\":\"\",\"type\":\"headline\",\"props\":{\"title_element\":\"h1\",\"title_style\":\"heading-medium\",\"text_align\":\"left\",\"text_align_breakpoint\":\"s\",\"text_align_fallback\":\"center\",\"maxwidth\":\"2xlarge\",\"animation\":\"none\",\"content\":\"\n\n<p>Transporte &amp;<br \\\/>Sonderfahrzeuge<\\\/p>\"}}]}]}]},{\"name\":\"Transport\",\"type\":\"section\",\"props\":{\"style\":\"default\",\"width\":\"xlarge\",\"vertical_align\":\"\",\"title_position\":\"center-right\",\"title_rotation\":\"left\",\"title_breakpoint\":\"m\",\"image_position\":\"center-center\",\"width_expand\":\"left\",\"title\":\"\",\"animation_delay\":false},\"children\":[{\"name\":\"\",\"type\":\"row\",\"props\":{\"layout\":\"1-2,1-2\",\"match\":false,\"column_gap\":\"large\",\"row_gap\":\"large\"},\"children\":[{\"name\":\"\",\"type\":\"column\",\"props\":{\"image_position\":\"center-center\",\"vertical_align\":\"middle\",\"media_overlay_gradient\":\"\",\"width_medium\":\"1-2\",\"position_sticky_breakpoint\":\"m\"},\"children\":[{\"name\":\"\",\"type\":\"divider\",\"props\":{\"divider_element\":\"div\",\"divider_style\":\"small\",\"divider_align\":\"left\",\"divider_align_breakpoint\":\"s\",\"divider_align_fallback\":\"center\",\"animation\":\"none\",\"parallax_easing\":\"1.2\",\"parallax_y\":\"-80,80\"}},{\"name\":\"\",\"type\":\"headline\",\"props\":{\"title_element\":\"h2\",\"title_style\":\"heading-small\",\"text_align\":\"left\",\"text_align_breakpoint\":\"s\",\"text_align_fallback\":\"center\",\"animation\":\"parallax\",\"content\":\"Transport\",\"parallax_breakpoint\":\"m\",\"parallax_easing\":\"1\",\"margin_remove_top\":true,\"parallax_end\":\"70vh + 70%\",\"parallax_opacity\":\"0.3,1\"}},{\"name\":\"\",\"type\":\"text\",\"props\":{\"margin\":\"medium\",\"column_breakpoint\":\"m\",\"text_align\":\"left\",\"text_align_breakpoint\":\"s\",\"text_align_fallback\":\"center\",\"animation\":\"none\",\"content\":\"\n\n<p class=\\\"align-center\\\">Gerne unterst\\u00fctzen wir Sie auch in klassischen Transport-Themen: als Teilbereich unserer Kernkompetenz <a href=\\\"http:\\\/\\\/hubermuldenservice.at\\\/entsorgung\\\/\\\">Entsorgung<\\\/a> verstehen wir den Abtransport unterschiedlicher Art als zus\\u00e4tzliches Service f\\u00fcr unsere Kunden.<\\\/p>\",\"parallax_breakpoint\":\"l\",\"parallax_easing\":\"1.2\",\"parallax_y\":\"-80,80\"}}]},{\"name\":\"\",\"type\":\"column\",\"props\":{\"image_position\":\"center-center\",\"vertical_align\":\"middle\",\"media_overlay_gradient\":\"\",\"width_medium\":\"1-2\",\"order_first\":\"m\",\"position_sticky_breakpoint\":\"m\"},\"children\":[{\"name\":\"\",\"type\":\"image\",\"props\":{\"margin\":\"\",\"animation\":\"parallax\",\"container_padding_remove\":true,\"image\":\"wp-content\\\/uploads\\\/HMS-HuberMuldenService-Sonderfahrzeug-Sattelschlepper.jpg\",\"parallax_breakpoint\":\"m\",\"parallax_easing\":\"1.2\",\"image_width\":\"930\",\"image_svg_color\":\"emphasis\",\"parallax_y\":\"50,-100\"}}]}]}]},{\"name\":\"Divider\",\"type\":\"section\",\"props\":{\"style\":\"default\",\"width\":\"xlarge\",\"vertical_align\":\"\",\"title_position\":\"top-left\",\"title_rotation\":\"left\",\"title_breakpoint\":\"xl\",\"image_position\":\"center-center\",\"padding\":\"none\"},\"children\":[{\"name\":\"\",\"type\":\"row\",\"children\":[{\"name\":\"\",\"type\":\"column\",\"props\":{\"image_position\":\"center-center\",\"media_overlay_gradient\":\"\",\"width_medium\":\"1-1\",\"position_sticky_breakpoint\":\"m\"},\"children\":[{\"name\":\"\",\"type\":\"divider\",\"props\":{\"divider_element\":\"hr\",\"divider_style\":\"\",\"divider_align\":\"\",\"divider_align_breakpoint\":\"\",\"divider_align_fallback\":\"\"}}]}]}]},{\"name\":\"Spezialfahrzeuge\",\"type\":\"section\",\"props\":{\"style\":\"default\",\"width\":\"xlarge\",\"vertical_align\":\"\",\"title_position\":\"center-left\",\"title_rotation\":\"left\",\"title_breakpoint\":\"m\",\"image_position\":\"center-center\",\"width_expand\":\"right\",\"title\":\"\",\"animation_delay\":false},\"children\":[{\"name\":\"\",\"type\":\"row\",\"props\":{\"layout\":\"1-2,1-2\",\"column_gap\":\"large\",\"row_gap\":\"large\"},\"children\":[{\"name\":\"\",\"type\":\"column\",\"props\":{\"image_position\":\"center-center\",\"media_overlay_gradient\":\"\",\"width_medium\":\"1-2\",\"position_sticky_breakpoint\":\"m\"},\"children\":[{\"name\":\"\",\"type\":\"divider\",\"props\":{\"divider_element\":\"div\",\"divider_style\":\"small\",\"divider_align\":\"left\",\"divider_align_breakpoint\":\"s\",\"divider_align_fallback\":\"center\",\"animation\":\"none\"}},{\"name\":\"\",\"type\":\"headline\",\"props\":{\"title_element\":\"h2\",\"title_style\":\"heading-small\",\"text_align\":\"left\",\"text_align_breakpoint\":\"s\",\"text_align_fallback\":\"center\",\"animation\":\"parallax\",\"content\":\"Sonderfahrzeuge\",\"parallax_breakpoint\":\"m\",\"parallax_easing\":\"1\",\"margin_remove_top\":true,\"parallax_end\":\"60vh + 60%\",\"parallax_opacity\":\"0.4,1\"}},{\"name\":\"\",\"type\":\"text\",\"props\":{\"margin\":\"medium\",\"column_breakpoint\":\"m\",\"text_align\":\"left\",\"text_align_breakpoint\":\"s\",\"text_align_fallback\":\"center\",\"animation\":\"none\",\"content\":\"\n\n<p class=\\\"align-left\\\">Nat\\u00fcrlich sind wir auch f\\u00fcr jegliche Spezialaufgaben bestens ger\\u00fcstet. Wir k\\u00f6nnen unterschiedliche Sonderfahrzeuge anbieten, wie beispielsweise<\\\/p>\\n\n\n<ul>\\n\n\n<li>4-Achs-Schwer-LKW<\\\/li>\\n\n\n<li>Ladekran-Anlage mit Greifer<\\\/li>\\n\n\n<li>Abrollkipper-Anlage zur Containerbereitstellung<\\\/li>\\n<\\\/ul>\\n\n\n<p>Kontaktieren Sie uns einfach mit Ihrem konkreten Anliegen, dann k\\u00f6nnen wir im pers\\u00f6nlichen Gespr\\u00e4ch ermitteln, wie wir Sie in Ihrem Vorhaben unterst\\u00fctzen k\\u00f6nnen!<\\\/p>\",\"parallax_breakpoint\":\"l\",\"parallax_easing\":\"0.3\",\"parallax_end\":\"50vh + 50%\",\"parallax_x\":\"350,1\"}}]},{\"name\":\"\",\"type\":\"column\",\"props\":{\"image_position\":\"center-center\",\"vertical_align\":\"middle\",\"media_overlay_gradient\":\"\",\"width_medium\":\"1-2\",\"position_sticky_breakpoint\":\"m\"},\"children\":[{\"name\":\"\",\"type\":\"image\",\"props\":{\"margin\":\"\",\"text_align\":\"right\",\"animation\":\"parallax\",\"container_padding_remove\":true,\"image\":\"wp-content\\\/uploads\\\/HMS-HuberMuldenService-Sonderfahrzeug-Kehrmaschinenauto.jpg\",\"parallax_breakpoint\":\"m\",\"parallax_easing\":\"1.2\",\"image_width\":\"930\",\"image_svg_color\":\"emphasis\",\"parallax_y\":\"50,-100\"}}]}]}]}],\"version\":\"3.0.5\"} --><\/p>\n","protected":false},"excerpt":{"rendered":"<p>Transporte &amp;Sonderfahrzeuge Transport Gerne unterst\u00fctzen wir Sie auch in klassischen Transport-Themen: als Teilbereich unserer Kernkompetenz Entsorgung verstehen wir den Abtransport unterschiedlicher Art als zus\u00e4tzliches Service f\u00fcr unsere Kunden. Sonderfahrzeuge Nat\u00fcrlich sind wir auch f\u00fcr jegliche Spezialaufgaben bestens ger\u00fcstet. Wir k\u00f6nnen unterschiedliche Sonderfahrzeuge anbieten, wie beispielsweise 4-Achs-Schwer-LKW Ladekran-Anlage mit Greifer Abrollkipper-Anlage zur Containerbereitstellung Kontaktieren Sie uns [&hellip;]<\/p>\n","protected":false},"author":2,"featured_media":0,"parent":0,"menu_order":8,"comment_status":"closed","ping_status":"closed","template":"","meta":{"footnotes":""},"class_list":["post-143","page","type-page","status-publish","hentry"],"_links":{"self":[{"href":"https:\/\/www.hubermuldenservice.at\/cms\/wp-json\/wp\/v2\/pages\/143"}],"collection":[{"href":"https:\/\/www.hubermuldenservice.at\/cms\/wp-json\/wp\/v2\/pages"}],"about":[{"href":"https:\/\/www.hubermuldenservice.at\/cms\/wp-json\/wp\/v2\/types\/page"}],"author":[{"embeddable":true,"href":"https:\/\/www.hubermuldenservice.at\/cms\/wp-json\/wp\/v2\/users\/2"}],"replies":[{"embeddable":true,"href":"https:\/\/www.hubermuldenservice.at\/cms\/wp-json\/wp\/v2\/comments?post=143"}],"version-history":[{"count":44,"href":"https:\/\/www.hubermuldenservice.at\/cms\/wp-json\/wp\/v2\/pages\/143\/revisions"}],"predecessor-version":[{"id":1385,"href":"https:\/\/www.hubermuldenservice.at\/cms\/wp-json\/wp\/v2\/pages\/143\/revisions\/1385"}],"wp:attachment":[{"href":"https:\/\/www.hubermuldenservice.at\/cms\/wp-json\/wp\/v2\/media?parent=143"}],"curies":[{"name":"wp","href":"https:\/\/api.w.org\/{rel}","templated":true}]}}