{"id":141,"date":"2019-05-25T14:28:38","date_gmt":"2019-05-25T14:28:38","guid":{"rendered":"http:\/\/vu2161.web01.netplanet.at\/web\/?page_id=141"},"modified":"2019-12-05T20:46:41","modified_gmt":"2019-12-05T20:46:41","slug":"entsorgung","status":"publish","type":"page","link":"https:\/\/www.hubermuldenservice.at\/cms\/entsorgung\/","title":{"rendered":"Entsorgung"},"content":{"rendered":"<h1>\n<p>Entsorgung &amp;<br \/>Baustellenservice<\/p>\n<\/h1>\n<h2>Gewerbliche Entsorgung<\/h2>\n<div>\n<p>Als Spezialist in der Entsorgung von gewerblichen Abf\u00e4llen, bieten wir sowohl f\u00fcr Handels- und Gewerbekunden, als auch f\u00fcr Industriekunden immer das passende Entsorgungskonzept! Das gew\u00e4hlte Containersystem, die individuell abgestimmte Entsorgungslogistik,verbunden mit optimierter Meldewege garantieren eine rasche und unkomplizierte Abfallentsorgung. Um einen besseren \u00dcberblick \u00fcber die notwendigen Platzverh\u00e4ltnisseim Rahmen der Verwendung von Abrollcontainern oder Absetzmulden zu erhalten, <a href=\"https:\/\/www.hubermuldenservice.at\/cms\/kontakt\/\">kontaktieren Sie uns<\/a> bitte.<\/p>\n<\/div>\n<div>\n<div>\n<p>Unsere Abfalltypen im \u00dcberblick:<\/p>\n<ul>\n<li>Rest- u. Gewerbeabf\u00e4lle<\/li>\n<li>Verpackungsabf\u00e4lle (Kartonagen, Kunststoffe, etc.)<\/li>\n<li>Techn. Kunststoffmaterialien aller Art (Nicht-Verpackungen)<\/li>\n<li>Altholz (Bau- u. M\u00f6belholz, Fenster, T\u00fcren, etc.)<\/li>\n<li>Altreifen (PKW, LKW, Baumschinen, etc.)<\/li>\n<li>Schrott- u. Metallverwertung<\/li>\n<\/ul>\n<\/div>\n<\/div>\n<p><img decoding=\"async\" src=\"wp-content\/uploads\/korrekteEntsorgung.jpg\" alt=\"\"><\/p>\n<hr>\n<h2>Gef\u00e4hrliche Abf\u00e4lle<\/h2>\n<div>\n<p>Als Profi im Transportbereich bieten wir sowohl f\u00fcr Industrie- und Produktionsbetriebe, als auch f\u00fcr kontaminierte Materialien (Unf\u00e4lle im Strassenverkehr, St\u00f6rf\u00e4lle in Betrieben, etc.) immer das passende Konzept zur kostenoptimierten Entsorgung von gef\u00e4hrlichen Abf\u00e4llen!<\/p>\n<p>Das richtig gew\u00e4hlte Beh\u00e4ltersystem, die jeweilig abgestimmte und optimierte Entsorgungslogistik, verbunden mit raschen Einsatzzeiten, etwa im Falle von Unf\u00e4llen mit direkten Umweltbedrohungen, garantieren unkomplizierte und fachgerechte Abfallentsorgung.<\/p>\n<\/div>\n<div>\n<div>\n<p>Unsere Abfalltypen im \u00dcberblick:<\/p>\n<ul>\n<li>kontaminierte Materialien<\/li>\n<li>verunreinigte B\u00f6den und Aush\u00fcbe (Diesel, \u00d6l, etc.)<\/li>\n<li>diverse Schl\u00e4mme aus Industrie und Produktion<\/li>\n<\/ul>\n<\/div>\n<\/div>\n<hr>\n<h2>Baustellenservice<\/h2>\n<div>\n<p>Als st\u00e4ndiger Partner vieler Generalunternehmen, Bauherren und Baumeister im Bereich<br \/>der Entsorgung von Gro\u00df- und Kleinbaustellen, sind wir es gewohnt flexibel und rasch zu handeln.<\/p>\n<p>Mit ma\u00dfgeschneiderten Entsorgungskonzepten betreffend der Fahrzeug- und Containerauswahl,<br \/>sowie Abfall- und Trennungsverhalten direkt an der Baustelle unterst\u00fctzen wir so<br \/>einen reibungslosen Baustellenablauf.<\/p>\n<p>Bei Bedarf k\u00f6nnen wir Ihnen auch mobile WC-Anlagen bereitstellen.<\/p>\n<p>Unser Leistungsspektrum im Baustellenservice erstreckt sich von der klassischen Containerbeistellung,<br \/>\u00fcber Abbucharbeiten, Entr\u00fcmpelungen und R\u00e4umungen bis hin<br \/>zur Stra\u00dfenreinigung rund um die Baustelle mittels unserer eigenen Stra\u00dfenkehrmaschine.<\/p>\n<\/div>\n<div>\n<div>\n<p>Unsere Abfalltypen im \u00dcberblick:<\/p>\n<ul>\n<li>Aushubmaterial<\/li>\n<li>Mineralischer Bauschutt<\/li>\n<li>Betonabbruch<\/li>\n<li>Asphaltaufbruch<\/li>\n<li>Kunststoffabf\u00e4lle<\/li>\n<li>Metallabf\u00e4lle<\/li>\n<li>Holzabf\u00e4lle<\/li>\n<li>Sperrgut<\/li>\n<li>Baumischabf\u00e4lle (Baumix)<\/li>\n<li>Gef\u00e4hrlicher Abfall<\/li>\n<\/ul>\n<\/div>\n<\/div>\n<p><!-- {\"name\":\"\",\"type\":\"layout\",\"children\":[{\"name\":\"Hero\",\"type\":\"section\",\"props\":{\"style\":\"default\",\"width\":\"expand\",\"vertical_align\":\"bottom\",\"title_position\":\"top-right\",\"title_rotation\":\"left\",\"title_breakpoint\":\"l\",\"image_position\":\"center-center\",\"text_color\":\"light\",\"width_expand\":\"\",\"height\":\"\",\"padding\":\"large\",\"header_transparent\":\"\",\"animation\":\"\",\"image\":\"wp-content\\\/uploads\\\/materials-hero-bg.jpg\",\"image_size\":\"cover\",\"image_effect\":\"parallax\",\"image_visibility\":\"\",\"media_blend_mode\":\"\",\"image_width\":\"2560\",\"padding_remove_top\":false,\"css\":\"\",\"animation_delay\":false,\"image_parallax_breakpoint\":\"m\",\"image_parallax_bgy_start\":\"-80\",\"image_parallax_bgy_end\":\"0\",\"title\":\"Entsorgung\"},\"children\":[{\"name\":\"\",\"type\":\"row\",\"props\":{\"layout\":\"1-1\",\"breakpoint\":\"m\",\"fixed_width\":\"large\",\"width\":\"\",\"width_expand\":\"\",\"height\":\"\",\"margin\":\"\",\"column_gap\":\"\",\"row_gap\":\"\"},\"children\":[{\"name\":\"\",\"type\":\"column\",\"props\":{\"image_position\":\"center-center\",\"vertical_align\":\"\",\"style\":\"\",\"text_color\":\"\",\"padding\":\"\",\"media_overlay_gradient\":\"\"},\"children\":[{\"name\":\"\",\"type\":\"headline\",\"props\":{\"title_element\":\"h1\",\"title_style\":\"heading-medium\",\"title_decoration\":\"\",\"title_color\":\"\",\"text_align\":\"left\",\"text_align_breakpoint\":\"s\",\"text_align_fallback\":\"center\",\"maxwidth\":\"xxlarge\",\"maxwidth_breakpoint\":\"\",\"margin\":\"\",\"animation\":\"none\",\"visibility\":\"\",\"content\":\"\n\n<p>Entsorgung &amp;<br \\\/>Baustellenservice<\\\/p>\",\"css\":\"\",\"block_align\":\"\"}}]}]}]},{\"name\":\"Gewerbeentsorgung\",\"type\":\"section\",\"props\":{\"style\":\"default\",\"width\":\"large\",\"vertical_align\":\"\",\"title_position\":\"center-left\",\"title_rotation\":\"left\",\"title_breakpoint\":\"m\",\"image_position\":\"center-center\",\"text_color\":\"\",\"width_expand\":\"right\",\"height\":\"\",\"padding\":\"\",\"header_transparent\":\"\",\"animation\":\"\",\"title\":\"\",\"animation_delay\":false,\"image_effect\":\"\"},\"children\":[{\"type\":\"row\",\"props\":{\"layout\":\"1-1\",\"breakpoint\":\"m\",\"fixed_width\":\"large\",\"width\":\"\",\"width_expand\":\"\",\"height\":\"\",\"margin\":\"\",\"column_gap\":\"\",\"row_gap\":\"\"},\"children\":[{\"type\":\"column\",\"props\":{\"image_position\":\"center-center\",\"media_overlay_gradient\":\"\",\"vertical_align\":\"\",\"style\":\"\",\"text_color\":\"\",\"padding\":\"\"},\"children\":[{\"name\":\"\",\"type\":\"divider\",\"props\":{\"divider_element\":\"div\",\"divider_style\":\"small\",\"divider_align\":\"center\",\"divider_align_breakpoint\":\"s\",\"divider_align_fallback\":\"center\",\"maxwidth\":\"\",\"maxwidth_breakpoint\":\"\",\"margin\":\"\",\"animation\":\"none\",\"visibility\":\"\",\"block_align\":\"\"}},{\"name\":\"\",\"type\":\"headline\",\"props\":{\"title_element\":\"h2\",\"title_style\":\"heading-small\",\"title_decoration\":\"\",\"title_color\":\"\",\"text_align\":\"center\",\"text_align_breakpoint\":\"s\",\"text_align_fallback\":\"center\",\"maxwidth\":\"\",\"maxwidth_breakpoint\":\"\",\"margin\":\"\",\"animation\":\"parallax\",\"visibility\":\"\",\"content\":\"Gewerbliche Entsorgung\",\"parallax_breakpoint\":\"m\",\"parallax_x_end\":\"\",\"parallax_x_start\":\"\",\"parallax_easing\":\"\",\"parallax_viewport\":\"0.4\",\"margin_remove_top\":true,\"parallax_opacity_start\":\"0.4\",\"parallax_opacity_end\":\"1\",\"block_align\":\"\"}},{\"name\":\"\",\"type\":\"text\",\"props\":{\"margin\":\"medium\",\"column_breakpoint\":\"m\",\"text_style\":\"\",\"text_color\":\"\",\"text_size\":\"\",\"column\":\"\",\"text_align\":\"center\",\"text_align_breakpoint\":\"s\",\"text_align_fallback\":\"center\",\"maxwidth\":\"\",\"maxwidth_breakpoint\":\"\",\"animation\":\"none\",\"visibility\":\"\",\"content\":\"\n\n<p>Als Spezialist in der Entsorgung von gewerblichen Abf\\u00e4llen, bieten wir sowohl f\\u00fcr Handels- und Gewerbekunden, als auch f\\u00fcr Industriekunden immer das passende Entsorgungskonzept! Das gew\\u00e4hlte Containersystem, die individuell abgestimmte Entsorgungslogistik,verbunden mit optimierter Meldewege garantieren eine rasche und unkomplizierte Abfallentsorgung. Um einen besseren \\u00dcberblick \\u00fcber die notwendigen Platzverh\\u00e4ltnisseim Rahmen der Verwendung von Abrollcontainern oder Absetzmulden zu erhalten, <a href=\\\"http:\\\/\\\/hubermuldenservice.at\\\/kontakt\\\/\\\">kontaktieren Sie uns<\\\/a> bitte.<\\\/p>\",\"parallax_breakpoint\":\"l\",\"parallax_x_end\":\"1\",\"parallax_x_start\":\"350\",\"parallax_easing\":\"0.3\",\"parallax_viewport\":\"0.5\",\"block_align\":\"\",\"position\":\"\",\"position_z_index\":\"\",\"block_align_breakpoint\":\"\",\"block_align_fallback\":\"\"}}]}]},{\"name\":\"\",\"type\":\"row\",\"props\":{\"layout\":\"2-3,1-3\",\"breakpoint\":\"m\",\"fixed_width\":\"large\",\"width\":\"\",\"width_expand\":\"\",\"height\":\"\",\"margin\":\"\",\"order_last\":false,\"column_gap\":\"large\",\"row_gap\":\"large\"},\"children\":[{\"name\":\"\",\"type\":\"column\",\"props\":{\"image_position\":\"center-center\",\"vertical_align\":\"middle\",\"style\":\"\",\"text_color\":\"\",\"padding\":\"\",\"media_overlay_gradient\":\"\"},\"children\":[{\"type\":\"panel\",\"props\":{\"link_text\":\"Read more\",\"title_element\":\"h3\",\"title_align\":\"top\",\"title_grid_width\":\"1-2\",\"meta_style\":\"meta\",\"meta_align\":\"below-title\",\"icon_ratio\":4,\"image_align\":\"top\",\"image_grid_width\":\"1-2\",\"image_svg_color\":\"emphasis\",\"link_style\":\"default\",\"margin\":\"default\",\"panel_style\":\"card-default\",\"panel_content_padding\":\"\",\"panel_size\":\"\",\"title_style\":\"\",\"title_decoration\":\"\",\"title_color\":\"\",\"title_margin\":\"\",\"meta_color\":\"\",\"meta_margin\":\"\",\"content_style\":\"\",\"content_margin\":\"\",\"image_border\":\"\",\"image_box_shadow\":\"\",\"image_hover_box_shadow\":\"\",\"image_box_decoration\":\"\",\"icon_color\":\"\",\"image_margin\":\"\",\"link_type\":\"\",\"link_size\":\"\",\"link_margin\":\"\",\"text_align\":\"\",\"text_align_breakpoint\":\"\",\"text_align_fallback\":\"\",\"maxwidth\":\"\",\"maxwidth_breakpoint\":\"\",\"animation\":\"\",\"visibility\":\"\",\"content\":\"\n\n<p>Unsere Abfalltypen im \\u00dcberblick:<\\\/p>\\n\n\n<ul>\\n\n\n<li>Rest- u. Gewerbeabf\\u00e4lle<\\\/li>\\n\n\n<li>Verpackungsabf\\u00e4lle (Kartonagen, Kunststoffe, etc.)<\\\/li>\\n\n\n<li>Techn. Kunststoffmaterialien aller Art (Nicht-Verpackungen)<\\\/li>\\n\n\n<li>Altholz (Bau- u. M\\u00f6belholz, Fenster, T\\u00fcren, etc.)<\\\/li>\\n\n\n<li>Altreifen (PKW, LKW, Baumschinen, etc.)<\\\/li>\\n\n\n<li>Schrott- u. Metallverwertung<\\\/li>\\n<\\\/ul>\",\"block_align\":\"\",\"title_grid_column_gap\":\"\",\"title_grid_row_gap\":\"\",\"title_grid_breakpoint\":\"m\",\"image_grid_column_gap\":\"\",\"image_grid_row_gap\":\"\",\"image_grid_breakpoint\":\"m\",\"title_hover_style\":\"reset\"}}]},{\"name\":\"\",\"type\":\"column\",\"props\":{\"image_position\":\"center-center\",\"vertical_align\":\"bottom\",\"style\":\"\",\"text_color\":\"\",\"padding\":\"\",\"media_overlay_gradient\":\"\"},\"children\":[{\"type\":\"image\",\"props\":{\"margin\":\"default\",\"image_svg_color\":\"emphasis\",\"link_target\":\"\",\"image_border\":\"\",\"image_box_shadow\":\"\",\"image_hover_box_shadow\":\"\",\"image_box_decoration\":\"\",\"text_align\":\"\",\"text_align_breakpoint\":\"\",\"text_align_fallback\":\"\",\"maxwidth\":\"\",\"maxwidth_breakpoint\":\"\",\"animation\":\"\",\"visibility\":\"\",\"image\":\"wp-content\\\/uploads\\\/korrekteEntsorgung.jpg\",\"block_align\":\"\"}}]}]}]},{\"name\":\"Divider\",\"type\":\"section\",\"props\":{\"style\":\"default\",\"width\":\"large\",\"vertical_align\":\"\",\"title_position\":\"top-left\",\"title_rotation\":\"left\",\"title_breakpoint\":\"xl\",\"image_position\":\"center-center\",\"text_color\":\"\",\"width_expand\":\"\",\"height\":\"\",\"padding\":\"none\",\"header_transparent\":\"\",\"animation\":\"\",\"image_effect\":\"\"},\"children\":[{\"name\":\"\",\"type\":\"row\",\"props\":{\"layout\":\"1-1\",\"breakpoint\":\"m\",\"fixed_width\":\"large\",\"width\":\"\",\"width_expand\":\"\",\"height\":\"\",\"margin\":\"\",\"column_gap\":\"\",\"row_gap\":\"\"},\"children\":[{\"name\":\"\",\"type\":\"column\",\"props\":{\"image_position\":\"center-center\",\"vertical_align\":\"\",\"style\":\"\",\"text_color\":\"\",\"padding\":\"\",\"media_overlay_gradient\":\"\"},\"children\":[{\"name\":\"\",\"type\":\"divider\",\"props\":{\"divider_element\":\"hr\",\"divider_style\":\"\",\"divider_align\":\"\",\"divider_align_breakpoint\":\"\",\"divider_align_fallback\":\"\",\"maxwidth\":\"\",\"maxwidth_breakpoint\":\"\",\"margin\":\"\",\"animation\":\"\",\"visibility\":\"\",\"block_align\":\"\"}}]}]}]},{\"name\":\"Gef\\u00e4hrliche Abf\\u00e4lle\",\"type\":\"section\",\"props\":{\"style\":\"default\",\"width\":\"large\",\"vertical_align\":\"\",\"title_position\":\"center-right\",\"title_rotation\":\"left\",\"title_breakpoint\":\"m\",\"image_position\":\"center-center\",\"text_color\":\"\",\"width_expand\":\"left\",\"height\":\"\",\"padding\":\"\",\"header_transparent\":\"\",\"animation\":\"\",\"title\":\"\",\"animation_delay\":false,\"image_effect\":\"\"},\"children\":[{\"name\":\"\",\"type\":\"row\",\"props\":{\"layout\":\"2-3,1-3\",\"breakpoint\":\"m\",\"fixed_width\":\"large\",\"width\":\"\",\"width_expand\":\"\",\"height\":\"\",\"margin\":\"\",\"column_gap\":\"large\",\"row_gap\":\"large\"},\"children\":[{\"name\":\"\",\"type\":\"column\",\"props\":{\"image_position\":\"center-center\",\"vertical_align\":\"\",\"style\":\"\",\"text_color\":\"\",\"padding\":\"\",\"media_overlay_gradient\":\"\"},\"children\":[{\"name\":\"\",\"type\":\"divider\",\"props\":{\"divider_element\":\"div\",\"divider_style\":\"small\",\"divider_align\":\"left\",\"divider_align_breakpoint\":\"s\",\"divider_align_fallback\":\"center\",\"maxwidth\":\"\",\"maxwidth_breakpoint\":\"\",\"margin\":\"\",\"animation\":\"none\",\"visibility\":\"\",\"block_align\":\"\"}},{\"name\":\"\",\"type\":\"headline\",\"props\":{\"title_element\":\"h2\",\"title_style\":\"heading-small\",\"title_decoration\":\"\",\"title_color\":\"\",\"text_align\":\"left\",\"text_align_breakpoint\":\"s\",\"text_align_fallback\":\"center\",\"maxwidth\":\"\",\"maxwidth_breakpoint\":\"\",\"margin\":\"\",\"animation\":\"parallax\",\"visibility\":\"\",\"content\":\"Gef\\u00e4hrliche Abf\\u00e4lle\",\"parallax_breakpoint\":\"m\",\"parallax_x_end\":\"\",\"parallax_x_start\":\"\",\"parallax_easing\":\"\",\"parallax_viewport\":\"0.4\",\"margin_remove_top\":true,\"parallax_opacity_start\":\"0.4\",\"parallax_opacity_end\":\"1\",\"block_align\":\"\"}},{\"name\":\"\",\"type\":\"text\",\"props\":{\"margin\":\"medium\",\"column_breakpoint\":\"m\",\"text_style\":\"\",\"text_color\":\"\",\"text_size\":\"\",\"column\":\"\",\"text_align\":\"left\",\"text_align_breakpoint\":\"s\",\"text_align_fallback\":\"center\",\"maxwidth\":\"\",\"maxwidth_breakpoint\":\"\",\"animation\":\"none\",\"visibility\":\"\",\"content\":\"\n\n<p>Als Profi im Transportbereich bieten wir sowohl f\\u00fcr Industrie- und Produktionsbetriebe, als auch f\\u00fcr kontaminierte Materialien (Unf\\u00e4lle im Strassenverkehr, St\\u00f6rf\\u00e4lle in Betrieben, etc.) immer das passende Konzept zur kostenoptimierten Entsorgung von gef\\u00e4hrlichen Abf\\u00e4llen!<\\\/p>\\n\n\n<p>Das richtig gew\\u00e4hlte Beh\\u00e4ltersystem, die jeweilig abgestimmte und optimierte Entsorgungslogistik, verbunden mit raschen Einsatzzeiten, etwa im Falle von Unf\\u00e4llen mit direkten Umweltbedrohungen, garantieren unkomplizierte und fachgerechte Abfallentsorgung.<\\\/p>\",\"parallax_breakpoint\":\"l\",\"parallax_x_end\":\"1\",\"parallax_x_start\":\"350\",\"parallax_easing\":\"0.3\",\"parallax_viewport\":\"0.5\",\"block_align\":\"\"}}]},{\"name\":\"\",\"type\":\"column\",\"props\":{\"image_position\":\"center-center\",\"vertical_align\":\"bottom\",\"style\":\"\",\"text_color\":\"\",\"padding\":\"\",\"media_overlay_gradient\":\"\"},\"children\":[{\"type\":\"panel\",\"props\":{\"link_text\":\"Read more\",\"title_element\":\"h3\",\"title_align\":\"top\",\"title_grid_width\":\"1-2\",\"meta_style\":\"meta\",\"meta_align\":\"below-title\",\"icon_ratio\":4,\"image_align\":\"top\",\"image_grid_width\":\"1-2\",\"image_svg_color\":\"emphasis\",\"link_style\":\"default\",\"margin\":\"default\",\"panel_style\":\"card-default\",\"panel_content_padding\":\"\",\"panel_size\":\"\",\"title_style\":\"\",\"title_decoration\":\"\",\"title_color\":\"\",\"title_margin\":\"\",\"meta_color\":\"\",\"meta_margin\":\"\",\"content_style\":\"\",\"content_margin\":\"\",\"image_border\":\"\",\"image_box_shadow\":\"\",\"image_hover_box_shadow\":\"\",\"image_box_decoration\":\"\",\"icon_color\":\"\",\"image_margin\":\"\",\"link_type\":\"\",\"link_size\":\"\",\"link_margin\":\"\",\"text_align\":\"\",\"text_align_breakpoint\":\"\",\"text_align_fallback\":\"\",\"maxwidth\":\"\",\"maxwidth_breakpoint\":\"\",\"animation\":\"\",\"visibility\":\"\",\"content\":\"\n\n<p>Unsere Abfalltypen im \\u00dcberblick:<\\\/p>\\n\n\n<ul>\\n\n\n<li>kontaminierte Materialien<\\\/li>\\n\n\n<li>verunreinigte B\\u00f6den und Aush\\u00fcbe (Diesel, \\u00d6l, etc.)<\\\/li>\\n\n\n<li>diverse Schl\\u00e4mme aus Industrie und Produktion<\\\/li>\\n<\\\/ul>\",\"block_align\":\"\",\"title_grid_column_gap\":\"\",\"title_grid_row_gap\":\"\",\"title_grid_breakpoint\":\"m\",\"image_grid_column_gap\":\"\",\"image_grid_row_gap\":\"\",\"image_grid_breakpoint\":\"m\",\"title_hover_style\":\"reset\"}}]}]}]},{\"name\":\"Divider\",\"type\":\"section\",\"props\":{\"style\":\"default\",\"width\":\"large\",\"vertical_align\":\"\",\"title_position\":\"top-left\",\"title_rotation\":\"left\",\"title_breakpoint\":\"xl\",\"image_position\":\"center-center\",\"text_color\":\"\",\"width_expand\":\"\",\"height\":\"\",\"padding\":\"none\",\"header_transparent\":\"\",\"animation\":\"\",\"image_effect\":\"\"},\"children\":[{\"name\":\"\",\"type\":\"row\",\"props\":{\"layout\":\"1-1\",\"breakpoint\":\"m\",\"fixed_width\":\"large\",\"width\":\"\",\"width_expand\":\"\",\"height\":\"\",\"margin\":\"\",\"column_gap\":\"\",\"row_gap\":\"\"},\"children\":[{\"name\":\"\",\"type\":\"column\",\"props\":{\"image_position\":\"center-center\",\"vertical_align\":\"\",\"style\":\"\",\"text_color\":\"\",\"padding\":\"\",\"media_overlay_gradient\":\"\"},\"children\":[{\"name\":\"\",\"type\":\"divider\",\"props\":{\"divider_element\":\"hr\",\"divider_style\":\"\",\"divider_align\":\"\",\"divider_align_breakpoint\":\"\",\"divider_align_fallback\":\"\",\"maxwidth\":\"\",\"maxwidth_breakpoint\":\"\",\"margin\":\"\",\"animation\":\"\",\"visibility\":\"\",\"block_align\":\"\"}}]}]}]},{\"name\":\"Baustellenservice\",\"type\":\"section\",\"props\":{\"style\":\"default\",\"width\":\"large\",\"vertical_align\":\"\",\"title_position\":\"center-left\",\"title_rotation\":\"left\",\"title_breakpoint\":\"m\",\"image_position\":\"center-center\",\"text_color\":\"\",\"width_expand\":\"right\",\"height\":\"\",\"padding\":\"\",\"header_transparent\":\"\",\"animation\":\"\",\"title\":\"\",\"animation_delay\":false,\"image_effect\":\"\"},\"children\":[{\"name\":\"\",\"type\":\"row\",\"props\":{\"layout\":\"2-3,1-3\",\"breakpoint\":\"m\",\"fixed_width\":\"large\",\"width\":\"\",\"width_expand\":\"\",\"height\":\"\",\"margin\":\"\",\"order_last\":true,\"column_gap\":\"large\",\"row_gap\":\"large\"},\"children\":[{\"name\":\"\",\"type\":\"column\",\"props\":{\"image_position\":\"center-center\",\"vertical_align\":\"\",\"style\":\"\",\"text_color\":\"\",\"padding\":\"\",\"media_overlay_gradient\":\"\"},\"children\":[{\"name\":\"\",\"type\":\"divider\",\"props\":{\"divider_element\":\"div\",\"divider_style\":\"small\",\"divider_align\":\"left\",\"divider_align_breakpoint\":\"s\",\"divider_align_fallback\":\"center\",\"maxwidth\":\"\",\"maxwidth_breakpoint\":\"\",\"margin\":\"\",\"animation\":\"none\",\"visibility\":\"\",\"block_align\":\"\"}},{\"name\":\"\",\"type\":\"headline\",\"props\":{\"title_element\":\"h2\",\"title_style\":\"heading-small\",\"title_decoration\":\"\",\"title_color\":\"\",\"text_align\":\"left\",\"text_align_breakpoint\":\"s\",\"text_align_fallback\":\"center\",\"maxwidth\":\"\",\"maxwidth_breakpoint\":\"\",\"margin\":\"\",\"animation\":\"parallax\",\"visibility\":\"\",\"content\":\"Baustellenservice\",\"parallax_breakpoint\":\"m\",\"parallax_x_end\":\"\",\"parallax_x_start\":\"\",\"parallax_easing\":\"\",\"parallax_viewport\":\"0.4\",\"margin_remove_top\":true,\"parallax_opacity_start\":\"0.4\",\"parallax_opacity_end\":\"1\",\"block_align\":\"\"}},{\"name\":\"\",\"type\":\"text\",\"props\":{\"margin\":\"medium\",\"column_breakpoint\":\"m\",\"text_style\":\"\",\"text_color\":\"\",\"text_size\":\"\",\"column\":\"\",\"text_align\":\"left\",\"text_align_breakpoint\":\"s\",\"text_align_fallback\":\"center\",\"maxwidth\":\"\",\"maxwidth_breakpoint\":\"\",\"animation\":\"none\",\"visibility\":\"\",\"content\":\"\n\n<p>Als st\\u00e4ndiger Partner vieler Generalunternehmen, Bauherren und Baumeister im Bereich<br \\\/>der Entsorgung von Gro\\u00df- und Kleinbaustellen, sind wir es gewohnt flexibel und rasch zu handeln.<\\\/p>\\n\n\n<p>Mit ma\\u00dfgeschneiderten Entsorgungskonzepten betreffend der Fahrzeug- und Containerauswahl,<br \\\/>sowie Abfall- und Trennungsverhalten direkt an der Baustelle unterst\\u00fctzen wir so<br \\\/>einen reibungslosen Baustellenablauf.<\\\/p>\\n\n\n<p>Bei Bedarf k\\u00f6nnen wir Ihnen auch mobile WC-Anlagen bereitstellen.<\\\/p>\\n\n\n<p>Unser Leistungsspektrum im Baustellenservice erstreckt sich von der klassischen Containerbeistellung,<br \\\/>\\u00fcber Abbucharbeiten, Entr\\u00fcmpelungen und R\\u00e4umungen bis hin<br \\\/>zur Stra\\u00dfenreinigung rund um die Baustelle mittels unserer eigenen Stra\\u00dfenkehrmaschine.<\\\/p>\",\"parallax_breakpoint\":\"l\",\"parallax_x_end\":\"1\",\"parallax_x_start\":\"350\",\"parallax_easing\":\"0.3\",\"parallax_viewport\":\"0.5\",\"block_align\":\"\"}}]},{\"name\":\"\",\"type\":\"column\",\"props\":{\"image_position\":\"center-center\",\"vertical_align\":\"bottom\",\"style\":\"\",\"text_color\":\"\",\"padding\":\"\",\"media_overlay_gradient\":\"\"},\"children\":[{\"type\":\"panel\",\"props\":{\"link_text\":\"Read more\",\"title_element\":\"h3\",\"title_align\":\"top\",\"title_grid_width\":\"1-2\",\"meta_style\":\"meta\",\"meta_align\":\"below-title\",\"icon_ratio\":4,\"image_align\":\"top\",\"image_grid_width\":\"1-2\",\"image_svg_color\":\"emphasis\",\"link_style\":\"default\",\"margin\":\"default\",\"panel_style\":\"card-default\",\"panel_content_padding\":\"\",\"panel_size\":\"\",\"title_style\":\"\",\"title_decoration\":\"\",\"title_color\":\"\",\"title_margin\":\"\",\"meta_color\":\"\",\"meta_margin\":\"\",\"content_style\":\"\",\"content_margin\":\"\",\"image_border\":\"\",\"image_box_shadow\":\"\",\"image_hover_box_shadow\":\"\",\"image_box_decoration\":\"\",\"icon_color\":\"\",\"image_margin\":\"\",\"link_type\":\"\",\"link_size\":\"\",\"link_margin\":\"\",\"text_align\":\"\",\"text_align_breakpoint\":\"\",\"text_align_fallback\":\"\",\"maxwidth\":\"\",\"maxwidth_breakpoint\":\"\",\"animation\":\"\",\"visibility\":\"\",\"content\":\"\n\n<p>Unsere Abfalltypen im \\u00dcberblick:<\\\/p>\\n\n\n<ul>\\n\n\n<li>Aushubmaterial<\\\/li>\\n\n\n<li>Mineralischer Bauschutt<\\\/li>\\n\n\n<li>Betonabbruch<\\\/li>\\n\n\n<li>Asphaltaufbruch<\\\/li>\\n\n\n<li>Kunststoffabf\\u00e4lle<\\\/li>\\n\n\n<li>Metallabf\\u00e4lle<\\\/li>\\n\n\n<li>Holzabf\\u00e4lle<\\\/li>\\n\n\n<li>Sperrgut<\\\/li>\\n\n\n<li>Baumischabf\\u00e4lle (Baumix)<\\\/li>\\n\n\n<li>Gef\\u00e4hrlicher Abfall<\\\/li>\\n<\\\/ul>\",\"block_align\":\"\",\"title_grid_column_gap\":\"\",\"title_grid_row_gap\":\"\",\"title_grid_breakpoint\":\"m\",\"image_grid_column_gap\":\"\",\"image_grid_row_gap\":\"\",\"image_grid_breakpoint\":\"m\",\"title_hover_style\":\"reset\"}}]}]}]}],\"props\":[],\"version\":\"1.22.6\"} --><\/p>\n","protected":false},"excerpt":{"rendered":"<p>Entsorgung &amp;Baustellenservice Gewerbliche Entsorgung Als Spezialist in der Entsorgung von gewerblichen Abf\u00e4llen, bieten wir sowohl f\u00fcr Handels- und Gewerbekunden, als auch f\u00fcr Industriekunden immer das passende Entsorgungskonzept! Das gew\u00e4hlte Containersystem, die individuell abgestimmte Entsorgungslogistik,verbunden mit optimierter Meldewege garantieren eine rasche und unkomplizierte Abfallentsorgung. Um einen besseren \u00dcberblick \u00fcber die notwendigen Platzverh\u00e4ltnisseim Rahmen der Verwendung von [&hellip;]<\/p>\n","protected":false},"author":2,"featured_media":0,"parent":0,"menu_order":8,"comment_status":"closed","ping_status":"closed","template":"","meta":{"footnotes":""},"class_list":["post-141","page","type-page","status-publish","hentry"],"_links":{"self":[{"href":"https:\/\/www.hubermuldenservice.at\/cms\/wp-json\/wp\/v2\/pages\/141"}],"collection":[{"href":"https:\/\/www.hubermuldenservice.at\/cms\/wp-json\/wp\/v2\/pages"}],"about":[{"href":"https:\/\/www.hubermuldenservice.at\/cms\/wp-json\/wp\/v2\/types\/page"}],"author":[{"embeddable":true,"href":"https:\/\/www.hubermuldenservice.at\/cms\/wp-json\/wp\/v2\/users\/2"}],"replies":[{"embeddable":true,"href":"https:\/\/www.hubermuldenservice.at\/cms\/wp-json\/wp\/v2\/comments?post=141"}],"version-history":[{"count":39,"href":"https:\/\/www.hubermuldenservice.at\/cms\/wp-json\/wp\/v2\/pages\/141\/revisions"}],"predecessor-version":[{"id":699,"href":"https:\/\/www.hubermuldenservice.at\/cms\/wp-json\/wp\/v2\/pages\/141\/revisions\/699"}],"wp:attachment":[{"href":"https:\/\/www.hubermuldenservice.at\/cms\/wp-json\/wp\/v2\/media?parent=141"}],"curies":[{"name":"wp","href":"https:\/\/api.w.org\/{rel}","templated":true}]}}