{"id":139,"date":"2019-05-25T14:27:33","date_gmt":"2019-05-25T14:27:33","guid":{"rendered":"http:\/\/vu2161.web01.netplanet.at\/web\/?page_id=139"},"modified":"2019-10-28T10:21:23","modified_gmt":"2019-10-28T10:21:23","slug":"unternehmen","status":"publish","type":"page","link":"https:\/\/www.hubermuldenservice.at\/cms\/unternehmen\/","title":{"rendered":"Unternehmen"},"content":{"rendered":"<h1>\u00dcber uns<\/h1>\n<h1>Wir sind seit Generationen mit Herz f\u00fcr Sie unterwegs!<\/h1>\n<h2>\n<p>Huber Mulden Service &#8211; Ein Unternehmen mit Tradition<\/p>\n<\/h2>\n<ul>\n<li>\n<h3>1860<\/h3>\n<div>\n<p>Samuel Huber (geb. 1827) gr\u00fcndet in Riedlingsdorf (Burgenland) ein Handelsunternehmen, das sp\u00e4ter von dessen Sohn Johann Huber sen. (1858-1906) weitergef\u00fchrt wird.<\/p>\n<\/div>\n<\/li>\n<li>\n<h3>1906<\/h3>\n<div>\n<p>Johann Huber jun. (1882-1950) \u00fcbernimmt nach dem fr\u00fchzeitigen Tod seines Vaters das Unternehmen und erweitert die Handelst\u00e4tigkeiten.<\/p>\n<\/div>\n<\/li>\n<li>\n<h3>1909<\/h3>\n<div>\n<p>Johann Huber jun. erwirbt eine Spedition und \u00fcbernimmt, mangels Eisenbahnverbindung, das Rollfuhrwerk zwischen Pinkafeld (Burgenland) und Friedberg (Steiermark).<\/p>\n<\/div>\n<\/li>\n<li>\n<h3>1923<\/h3>\n<div>\n<p>Johann Huber jun. expandiert weiter und erwirbt die Gewerbeberechtigung f\u00fcr den Holzhandel.<\/p>\n<\/div>\n<\/li>\n<li>\n<h3>1938<\/h3>\n<div>\n<p>Sein Sohn Georg Huber (1906-1967) \u00fcbernimmt den Holzhandel. Den Handel mit landwirtschaftlichen Produkten f\u00fchrt seine Frau Maria erfolgreich weiter.<\/p>\n<\/div>\n<\/li>\n<li>\n<h3>1951<\/h3>\n<div>\n<p>Adolf Huber sen. (1927-1992) tritt in das Unternehmen ein. Er ist zun\u00e4chst f\u00fcr den Verkauf und die Buchhaltung zust\u00e4ndig.<\/p>\n<\/div>\n<\/li>\n<li>\n<h3>1956<\/h3>\n<div>\n<p>Er \u00fcbernimmt von seiner Gro\u00dfmutter Maria Huber den Handel mit landwirtschaftlichen Produkten. Mit dem Kauf eines Steyr 380 Kippers wird der Grundstein f\u00fcr das sp\u00e4tere Transportgewerbe gelegt.<\/p>\n<\/div>\n<\/li>\n<li>\n<h3>1960<\/h3>\n<div>\n<p>Adolf Huber sen. \u00fcbernimmt den Holzhandel und Fuhrpark seines Vaters.<\/p>\n<\/div>\n<\/li>\n<li>\n<h3>1961<\/h3>\n<div>\n<p>Adolf Huber sen. erwirbt die Gewerbeberechtigung f\u00fcr das Transportgewerbe und gr\u00fcndet eine Ges.m.b.H. Aus konjunkturellen Gr\u00fcnden wird der Holzhandel eingestellt.<\/p>\n<\/div>\n<\/li>\n<li>\n<h3>1968<\/h3>\n<div>\n<p>Adolf Huber jun. (geb. 1950) tritt in das Unternehmen ein und expandiert weiterhin.<\/p>\n<\/div>\n<\/li>\n<\/ul>\n<ul>\n<li>\n<h3>1973<\/h3>\n<div>\n<p>Gerhard Huber (geb. 1954) tritt nach Absolvierung der Handelsschule in das Unternehmen ein.<\/p>\n<\/div>\n<\/li>\n<li>\n<h3>1985<\/h3>\n<div>\n<p>Jubil\u00e4umsfeier 25 Jahre Transport und 125 Jahre Handel im Hause Huber. Der Fuhrpark besteht mittlerweile aus 25 LKW-Z\u00fcgen, 3 Baggern und 2 Radladern und es wird erfolgreich weiterexpandiert.<\/p>\n<\/div>\n<\/li>\n<li>\n<h3>1988<\/h3>\n<div>\n<p>Adolf Huber sen. tritt in den Ruhestand. Seine beide S\u00f6hne Adolf jun. und Gerhard \u00fcbernehmen die Gesch\u00e4fte der Huber GesmbH.<\/p>\n<\/div>\n<\/li>\n<li>\n<h3>1991<\/h3>\n<div>\n<p>Bau der Niederlassung in Wienerherberg (B\u00fcrogeb\u00e4ude, Service und Lagerhalle). Fertigstellung der Deponie in Rauchenwarth (Nieder\u00f6sterreich) f\u00fcr 150.000 m\u00b3 Material.<\/p>\n<\/div>\n<\/li>\n<li>\n<h3>1992<\/h3>\n<div>\n<p>Im April verstirbt Adolf Huber sen. und im Mai wird die Niederlassung in Wienerherberg er\u00f6ffnet.<\/p>\n<\/div>\n<\/li>\n<li>\n<h3>1993<\/h3>\n<div>\n<p>Hans Georg Huber tritt in das Unternehmen ein und gr\u00fcndet gemeinsam mit seinem Vater Gerhard die HMS Huber Muldenservice und Abfallvertung GesmbH, welche fortan f\u00fcr alle Bereiche der Abfallsammlung ihre Kernkompetenz findet.<\/p>\n<\/div>\n<\/li>\n<li>\n<h3>1996<\/h3>\n<div>\n<p>Das Unternehmen erh\u00e4lt den Auftrag f\u00fcr die R\u00e4umung der &#8222;Berger-Deponie&#8220; bei Weikersdorf im s\u00fcdlichen Nieder\u00f6sterreich. 878.000 Tonnen M\u00fcll werden abgetragen, sortiert, verladen und teilweise von uns auf diverse zugeordnete Deponien verf\u00fchrt. Nach nicht einmal zwei Jahren ist im September 1998 eine der gr\u00f6\u00dften Altlasten \u00d6sterreichs entsch\u00e4rft.<\/p>\n<\/div>\n<\/li>\n<li>\n<h3>2003<\/h3>\n<div>\n<p>Das Unternehmen erh\u00e4lt weiters den Auftrag f\u00fcr die R\u00e4umung der &#8222;Fischer-Altlastendeponie&#8220;.<\/p>\n<\/div>\n<\/li>\n<li>\n<h3>2005<\/h3>\n<div>\n<p>Das Unternehmen erh\u00e4lt den Auftrag zur Altlastensanierung der Deponie Taglesberg (N\u00d6).<\/p>\n<\/div>\n<\/li>\n<li>\n<h3>2012<\/h3>\n<div>\n<p>HMS besch\u00e4ftigt 25 Mitarbeiter und ist mit 20 LKWs unterwegs, es befinden sich ca. 800 Abfallmulden und -container in Firmeneigentum.<\/p>\n<\/div>\n<\/li>\n<li>\n<h3>2014<\/h3>\n<div>\n<p>Das Unternehmen erh\u00e4lt den Auftrag zur Altlastsanierung der Gerbereideponie in Weiz  (Stmk).<\/p>\n<\/div>\n<\/li>\n<li>\n<h3>2019<\/h3>\n<div>\n<p>Das Unternehmen erh\u00e4lt den Auftrag zur Sanierung der &#8222;Aluiniumschlackendepnoie Altlast N6&#8220; in Wiener Neustadt (N\u00d6).<\/p>\n<\/div>\n<\/li>\n<\/ul>\n<h2>\n<p>Huber Muldenservice<\/p>\n<\/h2>\n<div>\n<p>Sie suchen kompetente Beratung mit rascher Auftragsausf\u00fchrung rund ums Thema Abfallentsorgung?<\/p>\n<p>HMS Huber Muldenservice ist Ihr kompetenter und verl\u00e4sslicher Partner f\u00fcr Abfallentsorgung und Abfalllogistik in Wien, Wien-Umgebung,\u00a0 Nieder\u00f6sterreich und Burgenland!<\/p>\n<p>Rufen Sie uns an oder schreiben Sie uns &#8211; wir beraten Sie gerne!<\/p>\n<\/div>\n<p><!-- {\"name\":\"\",\"type\":\"layout\",\"children\":[{\"name\":\"Hero\",\"type\":\"section\",\"props\":{\"style\":\"default\",\"width\":\"expand\",\"vertical_align\":\"middle\",\"title_position\":\"top-right\",\"title_rotation\":\"left\",\"title_breakpoint\":\"m\",\"image_position\":\"center-center\",\"width_expand\":\"\",\"height\":\"\",\"padding\":\"large\",\"header_transparent\":\"\",\"animation\":\"fade\",\"padding_remove_top\":false,\"padding_remove_bottom\":false,\"image_effect\":\"\",\"text_color\":\"light\",\"image\":\"wp-content\\\/uploads\\\/HMS-Huber-Muldenservice-Header.jpg\",\"title\":\"HMS\"},\"children\":[{\"type\":\"row\",\"props\":{\"layout\":\"1-1\",\"breakpoint\":\"m\",\"fixed_width\":\"large\",\"gutter\":\"\",\"width\":\"\",\"width_expand\":\"\",\"height\":\"\",\"margin\":\"\"},\"children\":[{\"type\":\"column\",\"props\":{\"widths\":[\"1-1\"],\"image_position\":\"center-center\",\"media_overlay_gradient\":\"\",\"vertical_align\":\"\",\"style\":\"\",\"text_color\":\"\",\"padding\":\"\"},\"children\":[{\"type\":\"headline\",\"props\":{\"title_element\":\"h1\",\"title_style\":\"heading-primary\",\"title_decoration\":\"\",\"title_color\":\"\",\"text_align\":\"\",\"text_align_breakpoint\":\"\",\"text_align_fallback\":\"\",\"maxwidth\":\"\",\"maxwidth_align\":\"\",\"maxwidth_breakpoint\":\"\",\"margin\":\"\",\"animation\":\"\",\"visibility\":\"\",\"content\":\"\\u00dcber uns\"}}]}]}]},{\"type\":\"section\",\"props\":{\"style\":\"default\",\"width\":\"default\",\"vertical_align\":\"middle\",\"title_position\":\"top-left\",\"title_rotation\":\"left\",\"title_breakpoint\":\"xl\",\"image_position\":\"center-center\",\"text_color\":\"\",\"width_expand\":\"\",\"height\":\"\",\"padding\":\"\",\"header_transparent\":\"\",\"animation\":\"\"},\"children\":[{\"type\":\"row\",\"props\":{\"layout\":\"1-1\",\"breakpoint\":\"m\",\"fixed_width\":\"large\",\"gutter\":\"\",\"width\":\"\",\"width_expand\":\"\",\"height\":\"\",\"margin\":\"\"},\"children\":[{\"type\":\"column\",\"props\":{\"widths\":[\"1-1\"],\"image_position\":\"center-center\",\"media_overlay_gradient\":\"\",\"vertical_align\":\"\",\"style\":\"\",\"text_color\":\"\",\"padding\":\"\"},\"children\":[{\"name\":\"\",\"type\":\"headline\",\"props\":{\"title_element\":\"h1\",\"title_style\":\"heading-primary\",\"title_decoration\":\"\",\"title_color\":\"\",\"text_align\":\"left\",\"text_align_breakpoint\":\"m\",\"text_align_fallback\":\"center\",\"maxwidth\":\"xxlarge\",\"maxwidth_align\":\"\",\"maxwidth_breakpoint\":\"m\",\"margin\":\"\",\"animation\":\"parallax\",\"visibility\":\"\",\"content\":\"Wir sind seit Generationen mit Herz f\\u00fcr Sie unterwegs!\",\"parallax_breakpoint\":\"m\",\"parallax_y_start\":\"0\",\"parallax_y_end\":\"-75\"}}]}]}]},{\"name\":\"History\",\"type\":\"section\",\"props\":{\"style\":\"default\",\"width\":\"default\",\"vertical_align\":\"middle\",\"title_position\":\"top-left\",\"title_rotation\":\"left\",\"title_breakpoint\":\"xl\",\"image_position\":\"center-center\",\"width_expand\":\"\",\"height\":\"\",\"padding\":\"\",\"header_transparent\":\"\",\"animation\":\"\",\"padding_remove_bottom\":true,\"image_effect\":\"\"},\"children\":[{\"name\":\"\",\"type\":\"row\",\"props\":{\"fixed_width\":\"large\",\"breakpoint\":\"m\",\"layout\":\",\",\"gutter\":\"large\",\"width\":\"\",\"height\":\"\",\"margin\":\"xlarge\"},\"children\":[{\"name\":\"\",\"type\":\"column\",\"props\":{\"widths\":[\"\"],\"image_position\":\"center-center\",\"vertical_align\":\"\",\"style\":\"\",\"text_color\":\"\",\"padding\":\"\",\"media_overlay_gradient\":\"\"},\"children\":[{\"name\":\"\",\"type\":\"divider\",\"props\":{\"divider_element\":\"div\",\"divider_style\":\"small\",\"divider_align\":\"right\",\"divider_align_breakpoint\":\"m\",\"divider_align_fallback\":\"center\",\"maxwidth\":\"small\",\"maxwidth_align\":\"right\",\"maxwidth_breakpoint\":\"m\",\"margin\":\"\",\"animation\":\"none\",\"visibility\":\"\"}},{\"name\":\"\",\"type\":\"headline\",\"props\":{\"title_element\":\"h2\",\"title_style\":\"h1\",\"title_decoration\":\"\",\"title_color\":\"\",\"text_align\":\"right\",\"text_align_breakpoint\":\"m\",\"text_align_fallback\":\"center\",\"maxwidth\":\"xlarge\",\"maxwidth_align\":\"right\",\"maxwidth_breakpoint\":\"m\",\"margin\":\"xlarge\",\"animation\":\"parallax\",\"visibility\":\"\",\"content\":\"\n\n<p>Huber Mulden Service - Ein Unternehmen mit Tradition<\\\/p>\",\"parallax_breakpoint\":\"m\",\"parallax_x_end\":\"\",\"parallax_x_start\":\"\",\"margin_remove_top\":true,\"parallax_y_start\":\"20\",\"parallax_y_end\":\"0\",\"parallax_opacity_start\":\"0.3\",\"parallax_opacity_end\":\"1\",\"parallax_viewport\":\"0.3\"}},{\"name\":\"\",\"type\":\"description_list\",\"props\":{\"show_title\":true,\"show_meta\":true,\"show_content\":true,\"show_link\":true,\"layout\":\"grid-2\",\"width\":\"auto\",\"gutter\":\"medium\",\"meta_style\":\"meta\",\"meta_align\":\"below-content\",\"list_style\":\"\",\"breakpoint\":\"\",\"title_style\":\"h3\",\"title_color\":\"\",\"content_style\":\"\",\"link_style\":\"\",\"text_align\":\"left\",\"text_align_breakpoint\":\"m\",\"text_align_fallback\":\"left\",\"maxwidth\":\"xlarge\",\"maxwidth_align\":\"center\",\"maxwidth_breakpoint\":\"\",\"margin\":\"\",\"animation\":\"none\",\"visibility\":\"\",\"list_size\":true,\"title_colon\":false,\"parallax_breakpoint\":\"m\",\"parallax_x_start\":\"350\",\"parallax_x_end\":\"0\",\"parallax_easing\":\"0.5\",\"parallax_opacity_start\":\"0\",\"parallax_opacity_end\":\"1\",\"parallax_rotate_start\":\"\",\"parallax_scale_start\":\"0.5\",\"meta_color\":\"\"},\"children\":[{\"name\":\"\",\"type\":\"description_list_item\",\"props\":{\"title\":\"1860\",\"content\":\"\n\n<p>Samuel Huber (geb. 1827) gr\\u00fcndet in Riedlingsdorf (Burgenland) ein Handelsunternehmen, das sp\\u00e4ter von dessen Sohn Johann Huber sen. (1858-1906) weitergef\\u00fchrt wird.<\\\/p>\"}},{\"name\":\"\",\"type\":\"description_list_item\",\"props\":{\"title\":\"1906\",\"content\":\"\n\n<p>Johann Huber jun. (1882-1950) \\u00fcbernimmt nach dem fr\\u00fchzeitigen Tod seines Vaters das Unternehmen und erweitert die Handelst\\u00e4tigkeiten.<\\\/p>\"}},{\"name\":\"\",\"type\":\"description_list_item\",\"props\":{\"title\":\"1909\",\"content\":\"\n\n<p>Johann Huber jun. erwirbt eine Spedition und \\u00fcbernimmt, mangels Eisenbahnverbindung, das Rollfuhrwerk zwischen Pinkafeld (Burgenland) und Friedberg (Steiermark).<\\\/p>\"}},{\"name\":\"\",\"type\":\"description_list_item\",\"props\":{\"title\":\"1923\",\"content\":\"\n\n<p>Johann Huber jun. expandiert weiter und erwirbt die Gewerbeberechtigung f\\u00fcr den Holzhandel.<\\\/p>\"}},{\"name\":\"\",\"type\":\"description_list_item\",\"props\":{\"title\":\"1938\",\"content\":\"\n\n<p>Sein Sohn Georg Huber (1906-1967) \\u00fcbernimmt den Holzhandel. Den Handel mit landwirtschaftlichen Produkten f\\u00fchrt seine Frau Maria erfolgreich weiter.<\\\/p>\"}},{\"name\":\"\",\"type\":\"description_list_item\",\"props\":{\"title\":\"1951\",\"content\":\"\n\n<p>Adolf Huber sen. (1927-1992) tritt in das Unternehmen ein. Er ist zun\\u00e4chst f\\u00fcr den Verkauf und die Buchhaltung zust\\u00e4ndig.<\\\/p>\"}},{\"type\":\"description_list_item\",\"props\":{\"title\":\"1956\",\"content\":\"\n\n<p>Er \\u00fcbernimmt von seiner Gro\\u00dfmutter Maria Huber den Handel mit landwirtschaftlichen Produkten. Mit dem Kauf eines Steyr 380 Kippers wird der Grundstein f\\u00fcr das sp\\u00e4tere Transportgewerbe gelegt.<\\\/p>\"}},{\"type\":\"description_list_item\",\"props\":{\"title\":\"1960\",\"content\":\"\n\n<p>Adolf Huber sen. \\u00fcbernimmt den Holzhandel und Fuhrpark seines Vaters.<\\\/p>\"}},{\"type\":\"description_list_item\",\"props\":{\"title\":\"1961\",\"content\":\"\n\n<p>Adolf Huber sen. erwirbt die Gewerbeberechtigung f\\u00fcr das Transportgewerbe und gr\\u00fcndet eine Ges.m.b.H. Aus konjunkturellen Gr\\u00fcnden wird der Holzhandel eingestellt.<\\\/p>\"}},{\"type\":\"description_list_item\",\"props\":{\"title\":\"1968\",\"content\":\"\n\n<p>Adolf Huber jun. (geb. 1950) tritt in das Unternehmen ein und expandiert weiterhin.<\\\/p>\"}}]}]},{\"name\":\"\",\"type\":\"column\",\"props\":{\"widths\":[\"\"],\"image_position\":\"center-center\",\"media_overlay_gradient\":\"\"},\"children\":[{\"name\":\"\",\"type\":\"description_list\",\"props\":{\"show_title\":true,\"show_meta\":true,\"show_content\":true,\"show_link\":true,\"layout\":\"grid-2\",\"width\":\"auto\",\"gutter\":\"medium\",\"meta_style\":\"meta\",\"meta_align\":\"below-content\",\"list_style\":\"\",\"breakpoint\":\"\",\"title_style\":\"h3\",\"title_color\":\"\",\"content_style\":\"\",\"link_style\":\"\",\"text_align\":\"left\",\"text_align_breakpoint\":\"m\",\"text_align_fallback\":\"left\",\"maxwidth\":\"xlarge\",\"maxwidth_align\":\"center\",\"maxwidth_breakpoint\":\"\",\"margin\":\"\",\"animation\":\"none\",\"visibility\":\"\",\"list_size\":true,\"title_colon\":false,\"parallax_breakpoint\":\"m\",\"parallax_x_start\":\"350\",\"parallax_x_end\":\"0\",\"parallax_easing\":\"0.5\",\"parallax_opacity_start\":\"0\",\"parallax_opacity_end\":\"1\",\"parallax_rotate_start\":\"\",\"parallax_scale_start\":\"0.5\",\"meta_color\":\"\"},\"children\":[{\"type\":\"description_list_item\",\"props\":{\"title\":\"1973\",\"content\":\"\n\n<p>Gerhard Huber (geb. 1954) tritt nach Absolvierung der Handelsschule in das Unternehmen ein.<\\\/p>\"}},{\"type\":\"description_list_item\",\"props\":{\"title\":\"1985\",\"content\":\"\n\n<p>Jubil\\u00e4umsfeier 25 Jahre Transport und 125 Jahre Handel im Hause Huber. Der Fuhrpark besteht mittlerweile aus 25 LKW-Z\\u00fcgen, 3 Baggern und 2 Radladern und es wird erfolgreich weiterexpandiert.<\\\/p>\"}},{\"type\":\"description_list_item\",\"props\":{\"title\":\"1988\",\"content\":\"\n\n<p>Adolf Huber sen. tritt in den Ruhestand. Seine beide S\\u00f6hne Adolf jun. und Gerhard \\u00fcbernehmen die Gesch\\u00e4fte der Huber GesmbH.<\\\/p>\"}},{\"type\":\"description_list_item\",\"props\":{\"title\":\"1991\",\"content\":\"\n\n<p>Bau der Niederlassung in Wienerherberg (B\\u00fcrogeb\\u00e4ude, Service und Lagerhalle). Fertigstellung der Deponie in Rauchenwarth (Nieder\\u00f6sterreich) f\\u00fcr 150.000 m\\u00b3 Material.<\\\/p>\"}},{\"type\":\"description_list_item\",\"props\":{\"title\":\"1992\",\"content\":\"\n\n<p>Im April verstirbt Adolf Huber sen. und im Mai wird die Niederlassung in Wienerherberg er\\u00f6ffnet.<\\\/p>\"}},{\"type\":\"description_list_item\",\"props\":{\"title\":\"1993\",\"content\":\"\n\n<p>Hans Georg Huber tritt in das Unternehmen ein und gr\\u00fcndet gemeinsam mit seinem Vater Gerhard die HMS Huber Muldenservice und Abfallvertung GesmbH, welche fortan f\\u00fcr alle Bereiche der Abfallsammlung ihre Kernkompetenz findet.<\\\/p>\"}},{\"type\":\"description_list_item\",\"props\":{\"title\":\"1996\",\"content\":\"\n\n<p>Das Unternehmen erh\\u00e4lt den Auftrag f\\u00fcr die R\\u00e4umung der \\\"Berger-Deponie\\\" bei Weikersdorf im s\\u00fcdlichen Nieder\\u00f6sterreich. 878.000 Tonnen M\\u00fcll werden abgetragen, sortiert, verladen und teilweise von uns auf diverse zugeordnete Deponien verf\\u00fchrt. Nach nicht einmal zwei Jahren ist im September 1998 eine der gr\\u00f6\\u00dften Altlasten \\u00d6sterreichs entsch\\u00e4rft.<\\\/p>\"}},{\"type\":\"description_list_item\",\"props\":{\"title\":\"2003\",\"content\":\"\n\n<p>Das Unternehmen erh\\u00e4lt weiters den Auftrag f\\u00fcr die R\\u00e4umung der \\\"Fischer-Altlastendeponie\\\".<\\\/p>\"}},{\"type\":\"description_list_item\",\"props\":{\"content\":\"\n\n<p>Das Unternehmen erh\\u00e4lt den Auftrag zur Altlastensanierung der Deponie Taglesberg (N\\u00d6).<\\\/p>\",\"title\":\"2005\"}},{\"type\":\"description_list_item\",\"props\":{\"title\":\"2012\",\"content\":\"\n\n<p>HMS besch\\u00e4ftigt 25 Mitarbeiter und ist mit 20 LKWs unterwegs, es befinden sich ca. 800 Abfallmulden und -container in Firmeneigentum.<\\\/p>\"}},{\"type\":\"description_list_item\",\"props\":{\"title\":\"2014\",\"content\":\"\n\n<p>Das Unternehmen erh\\u00e4lt den Auftrag zur Altlastsanierung der Gerbereideponie in Weiz  (Stmk).<\\\/p>\"}},{\"type\":\"description_list_item\",\"props\":{\"title\":\"2019\",\"content\":\"\n\n<p>Das Unternehmen erh\\u00e4lt den Auftrag zur Sanierung der \\\"Aluiniumschlackendepnoie Altlast N6\\\" in Wiener Neustadt (N\\u00d6).<\\\/p>\\n\"}}]}]}]}]},{\"name\":\"About\",\"type\":\"section\",\"props\":{\"style\":\"default\",\"width\":\"large\",\"vertical_align\":\"middle\",\"title_position\":\"top-left\",\"title_rotation\":\"left\",\"title_breakpoint\":\"xl\",\"image_position\":\"center-center\",\"width_expand\":\"\",\"height\":\"\",\"padding\":\"xlarge\",\"header_transparent\":\"\",\"animation\":\"\",\"image\":\"\",\"text_color\":\"\",\"image_size\":\"\",\"image_effect\":\"\",\"image_visibility\":\"\",\"media_blend_mode\":\"\",\"image_width\":\"\"},\"children\":[{\"name\":\"\",\"type\":\"row\",\"props\":{\"fixed_width\":\"large\",\"breakpoint\":\"l\",\"layout\":\"3-4,\",\"gutter\":\"large\",\"width\":\"\",\"height\":\"\",\"margin\":\"\",\"width_expand\":\"\"},\"children\":[{\"name\":\"\",\"type\":\"column\",\"props\":{\"widths\":[\"3-4\"],\"image_position\":\"center-center\",\"vertical_align\":\"middle\",\"style\":\"\",\"text_color\":\"\",\"padding\":\"\",\"media_overlay_gradient\":\"\"},\"children\":[{\"name\":\"\",\"type\":\"divider\",\"props\":{\"divider_element\":\"div\",\"divider_style\":\"small\",\"divider_align\":\"left\",\"divider_align_breakpoint\":\"m\",\"divider_align_fallback\":\"center\",\"maxwidth\":\"\",\"maxwidth_align\":\"center\",\"maxwidth_breakpoint\":\"m\",\"margin\":\"\",\"animation\":\"none\",\"visibility\":\"\"}},{\"name\":\"\",\"type\":\"headline\",\"props\":{\"title_element\":\"h2\",\"title_style\":\"h1\",\"title_decoration\":\"\",\"title_color\":\"\",\"text_align\":\"left\",\"text_align_breakpoint\":\"m\",\"text_align_fallback\":\"center\",\"maxwidth\":\"\",\"maxwidth_align\":\"\",\"maxwidth_breakpoint\":\"\",\"margin\":\"\",\"animation\":\"parallax\",\"visibility\":\"\",\"margin_remove_top\":true,\"content\":\"\n\n<p>Huber Muldenservice<\\\/p>\",\"parallax_breakpoint\":\"m\",\"parallax_y_start\":\"30\",\"parallax_y_end\":\"0\",\"parallax_opacity_start\":\"0.3\",\"parallax_opacity_end\":\"1\",\"parallax_viewport\":\"0.4\"}},{\"name\":\"\",\"type\":\"text\",\"props\":{\"margin\":\"large\",\"column_breakpoint\":\"m\",\"text_style\":\"\",\"text_color\":\"\",\"text_size\":\"\",\"column\":\"\",\"text_align\":\"left\",\"text_align_breakpoint\":\"m\",\"text_align_fallback\":\"center\",\"maxwidth\":\"\",\"maxwidth_align\":\"\",\"maxwidth_breakpoint\":\"\",\"animation\":\"none\",\"visibility\":\"\",\"margin_remove_bottom\":false,\"content\":\"\n\n<p>Sie suchen kompetente Beratung mit rascher Auftragsausf\\u00fchrung rund ums Thema Abfallentsorgung?<\\\/p>\\n\n\n<p>HMS Huber Muldenservice ist Ihr kompetenter und verl\\u00e4sslicher Partner f\\u00fcr Abfallentsorgung und Abfalllogistik in Wien, Wien-Umgebung,\\u00a0 Nieder\\u00f6sterreich und Burgenland!<\\\/p>\\n\n\n<p>Rufen Sie uns an oder schreiben Sie uns - wir beraten Sie gerne!<\\\/p>\",\"margin_remove_top\":true}}]},{\"name\":\"\",\"type\":\"column\",\"props\":{\"widths\":[\"\"],\"image_position\":\"center-center\",\"vertical_align\":\"\",\"style\":\"\",\"text_color\":\"\",\"padding\":\"\",\"media_overlay_gradient\":\"\"},\"children\":[]}]}]}],\"props\":[],\"version\":\"1.19.2\"} --><\/p>\n","protected":false},"excerpt":{"rendered":"<p>\u00dcber uns Wir sind seit Generationen mit Herz f\u00fcr Sie unterwegs! Huber Mulden Service &#8211; Ein Unternehmen mit Tradition 1860 Samuel Huber (geb. 1827) gr\u00fcndet in Riedlingsdorf (Burgenland) ein Handelsunternehmen, das sp\u00e4ter von dessen Sohn Johann Huber sen. (1858-1906) weitergef\u00fchrt wird. 1906 Johann Huber jun. (1882-1950) \u00fcbernimmt nach dem fr\u00fchzeitigen Tod seines Vaters das Unternehmen [&hellip;]<\/p>\n","protected":false},"author":2,"featured_media":0,"parent":0,"menu_order":7,"comment_status":"closed","ping_status":"closed","template":"","meta":{"footnotes":""},"class_list":["post-139","page","type-page","status-publish","hentry"],"_links":{"self":[{"href":"https:\/\/www.hubermuldenservice.at\/cms\/wp-json\/wp\/v2\/pages\/139"}],"collection":[{"href":"https:\/\/www.hubermuldenservice.at\/cms\/wp-json\/wp\/v2\/pages"}],"about":[{"href":"https:\/\/www.hubermuldenservice.at\/cms\/wp-json\/wp\/v2\/types\/page"}],"author":[{"embeddable":true,"href":"https:\/\/www.hubermuldenservice.at\/cms\/wp-json\/wp\/v2\/users\/2"}],"replies":[{"embeddable":true,"href":"https:\/\/www.hubermuldenservice.at\/cms\/wp-json\/wp\/v2\/comments?post=139"}],"version-history":[{"count":43,"href":"https:\/\/www.hubermuldenservice.at\/cms\/wp-json\/wp\/v2\/pages\/139\/revisions"}],"predecessor-version":[{"id":667,"href":"https:\/\/www.hubermuldenservice.at\/cms\/wp-json\/wp\/v2\/pages\/139\/revisions\/667"}],"wp:attachment":[{"href":"https:\/\/www.hubermuldenservice.at\/cms\/wp-json\/wp\/v2\/media?parent=139"}],"curies":[{"name":"wp","href":"https:\/\/api.w.org\/{rel}","templated":true}]}}